{"id":1899,"date":"2019-04-11T17:09:08","date_gmt":"2019-04-11T15:09:08","guid":{"rendered":"https:\/\/star-trademarks.com\/wordpress\/?page_id=1899"},"modified":"2021-12-17T13:23:12","modified_gmt":"2021-12-17T12:23:12","slug":"soziales-engagement","status":"publish","type":"page","link":"https:\/\/star-trademarks.com\/en\/soziales-engagement\/soziales-engagement\/","title":{"rendered":"Orphan Aid Africa"},"content":{"rendered":"<div data-elementor-type=\"wp-post\" data-elementor-id=\"1899\" class=\"elementor elementor-1899\">\n\t\t\t\t\t\t<section class=\"elementor-section elementor-top-section elementor-element elementor-element-3f4e79f elementor-section-boxed elementor-section-height-default elementor-section-height-default\" data-id=\"3f4e79f\" data-element_type=\"section\">\n\t\t\t\t\t\t<div class=\"elementor-container elementor-column-gap-default\">\n\t\t\t\t\t<div class=\"elementor-column elementor-col-100 elementor-top-column elementor-element elementor-element-bf926d3\" data-id=\"bf926d3\" data-element_type=\"column\">\n\t\t\t<div class=\"elementor-widget-wrap\">\n\t\t\t\t\t\t\t<\/div>\n\t\t<\/div>\n\t\t\t\t\t<\/div>\n\t\t<\/section>\n\t\t\t\t<section class=\"elementor-section elementor-top-section elementor-element elementor-element-4e253500 elementor-hidden-phone elementor-section-boxed elementor-section-height-default elementor-section-height-default\" data-id=\"4e253500\" data-element_type=\"section\" data-settings=\"{&quot;background_background&quot;:&quot;classic&quot;}\">\n\t\t\t\t\t\t<div class=\"elementor-container elementor-column-gap-default\">\n\t\t\t\t\t<div class=\"elementor-column elementor-col-100 elementor-top-column elementor-element elementor-element-47d7c482\" data-id=\"47d7c482\" data-element_type=\"column\">\n\t\t\t<div class=\"elementor-widget-wrap elementor-element-populated\">\n\t\t\t\t\t\t<div class=\"elementor-element elementor-element-53dd3df1 elementor-invisible elementor-widget elementor-widget-heading\" data-id=\"53dd3df1\" data-element_type=\"widget\" data-settings=\"{&quot;_animation&quot;:&quot;fadeInDown&quot;}\" data-widget_type=\"heading.default\">\n\t\t\t\t<div class=\"elementor-widget-container\">\n\t\t\t\t\t<h1 class=\"elementor-heading-title elementor-size-default\">Social commitment<\/h1>\t\t\t\t<\/div>\n\t\t\t\t<\/div>\n\t\t\t\t<div class=\"elementor-element elementor-element-9641f14 elementor-widget elementor-widget-spacer\" data-id=\"9641f14\" data-element_type=\"widget\" data-widget_type=\"spacer.default\">\n\t\t\t\t<div class=\"elementor-widget-container\">\n\t\t\t\t\t\t\t<div class=\"elementor-spacer\">\n\t\t\t<div class=\"elementor-spacer-inner\"><\/div>\n\t\t<\/div>\n\t\t\t\t\t\t<\/div>\n\t\t\t\t<\/div>\n\t\t\t\t\t<\/div>\n\t\t<\/div>\n\t\t\t\t\t<\/div>\n\t\t<\/section>\n\t\t\t\t<section class=\"elementor-section elementor-top-section elementor-element elementor-element-19d3de55 elementor-hidden-phone elementor-section-boxed elementor-section-height-default elementor-section-height-default\" data-id=\"19d3de55\" data-element_type=\"section\" data-settings=\"{&quot;background_background&quot;:&quot;classic&quot;}\">\n\t\t\t\t\t\t<div class=\"elementor-container elementor-column-gap-default\">\n\t\t\t\t\t<div class=\"elementor-column elementor-col-20 elementor-top-column elementor-element elementor-element-7fd03042\" data-id=\"7fd03042\" data-element_type=\"column\">\n\t\t\t<div class=\"elementor-widget-wrap elementor-element-populated\">\n\t\t\t\t\t\t<div class=\"elementor-element elementor-element-3296ed22 elementor-widget elementor-widget-image\" data-id=\"3296ed22\" data-element_type=\"widget\" data-widget_type=\"image.default\">\n\t\t\t\t<div class=\"elementor-widget-container\">\n\t\t\t\t\t\t\t\t\t\t\t\t\t\t\t<img fetchpriority=\"high\" decoding=\"async\" width=\"300\" height=\"195\" src=\"https:\/\/star-trademarks.com\/wordpress\/wp-content\/uploads\/2019\/03\/icon-laufrad-300x195.png\" class=\"attachment-medium size-medium wp-image-1626\" alt=\"\" srcset=\"https:\/\/star-trademarks.com\/wordpress\/wp-content\/uploads\/2019\/03\/icon-laufrad-300x195.png 300w, https:\/\/star-trademarks.com\/wordpress\/wp-content\/uploads\/2019\/03\/icon-laufrad.png 314w\" sizes=\"(max-width: 300px) 100vw, 300px\" title=\"icon-laufrad\" \/>\t\t\t\t\t\t\t\t\t\t\t\t\t\t\t<\/div>\n\t\t\t\t<\/div>\n\t\t\t\t\t<\/div>\n\t\t<\/div>\n\t\t\t\t<div class=\"elementor-column elementor-col-20 elementor-top-column elementor-element elementor-element-69def547\" data-id=\"69def547\" data-element_type=\"column\">\n\t\t\t<div class=\"elementor-widget-wrap elementor-element-populated\">\n\t\t\t\t\t\t<div class=\"elementor-element elementor-element-3eb790ad elementor-widget elementor-widget-image\" data-id=\"3eb790ad\" data-element_type=\"widget\" data-widget_type=\"image.default\">\n\t\t\t\t<div class=\"elementor-widget-container\">\n\t\t\t\t\t\t\t\t\t\t\t\t\t\t\t<img decoding=\"async\" width=\"314\" height=\"204\" src=\"https:\/\/star-trademarks.com\/wordpress\/wp-content\/uploads\/2019\/03\/icon-fahrrad.png\" class=\"attachment-large size-large wp-image-1627\" alt=\"\" srcset=\"https:\/\/star-trademarks.com\/wordpress\/wp-content\/uploads\/2019\/03\/icon-fahrrad.png 314w, https:\/\/star-trademarks.com\/wordpress\/wp-content\/uploads\/2019\/03\/icon-fahrrad-300x195.png 300w\" sizes=\"(max-width: 314px) 100vw, 314px\" title=\"icon-fahrrad\" \/>\t\t\t\t\t\t\t\t\t\t\t\t\t\t\t<\/div>\n\t\t\t\t<\/div>\n\t\t\t\t\t<\/div>\n\t\t<\/div>\n\t\t\t\t<div class=\"elementor-column elementor-col-20 elementor-top-column elementor-element elementor-element-3b561887\" data-id=\"3b561887\" data-element_type=\"column\">\n\t\t\t<div class=\"elementor-widget-wrap elementor-element-populated\">\n\t\t\t\t\t\t<div class=\"elementor-element elementor-element-4495bdd8 elementor-widget elementor-widget-image\" data-id=\"4495bdd8\" data-element_type=\"widget\" data-widget_type=\"image.default\">\n\t\t\t\t<div class=\"elementor-widget-container\">\n\t\t\t\t\t\t\t\t\t\t\t\t\t\t\t<img decoding=\"async\" width=\"314\" height=\"204\" src=\"https:\/\/star-trademarks.com\/wordpress\/wp-content\/uploads\/2019\/03\/icon-scooter.png\" class=\"attachment-large size-large wp-image-1631\" alt=\"\" srcset=\"https:\/\/star-trademarks.com\/wordpress\/wp-content\/uploads\/2019\/03\/icon-scooter.png 314w, https:\/\/star-trademarks.com\/wordpress\/wp-content\/uploads\/2019\/03\/icon-scooter-300x195.png 300w\" sizes=\"(max-width: 314px) 100vw, 314px\" title=\"icon-scooter\" \/>\t\t\t\t\t\t\t\t\t\t\t\t\t\t\t<\/div>\n\t\t\t\t<\/div>\n\t\t\t\t\t<\/div>\n\t\t<\/div>\n\t\t\t\t<div class=\"elementor-column elementor-col-20 elementor-top-column elementor-element elementor-element-30ecdf1c\" data-id=\"30ecdf1c\" data-element_type=\"column\">\n\t\t\t<div class=\"elementor-widget-wrap elementor-element-populated\">\n\t\t\t\t\t\t<div class=\"elementor-element elementor-element-1698b12e elementor-widget elementor-widget-image\" data-id=\"1698b12e\" data-element_type=\"widget\" data-widget_type=\"image.default\">\n\t\t\t\t<div class=\"elementor-widget-container\">\n\t\t\t\t\t\t\t\t\t\t\t\t\t\t\t<img loading=\"lazy\" decoding=\"async\" width=\"314\" height=\"204\" src=\"https:\/\/star-trademarks.com\/wordpress\/wp-content\/uploads\/2019\/03\/icon-skateboard.png\" class=\"attachment-large size-large wp-image-1629\" alt=\"\" srcset=\"https:\/\/star-trademarks.com\/wordpress\/wp-content\/uploads\/2019\/03\/icon-skateboard.png 314w, https:\/\/star-trademarks.com\/wordpress\/wp-content\/uploads\/2019\/03\/icon-skateboard-300x195.png 300w\" sizes=\"(max-width: 314px) 100vw, 314px\" title=\"icon-skateboard\" \/>\t\t\t\t\t\t\t\t\t\t\t\t\t\t\t<\/div>\n\t\t\t\t<\/div>\n\t\t\t\t\t<\/div>\n\t\t<\/div>\n\t\t\t\t<div class=\"elementor-column elementor-col-20 elementor-top-column elementor-element elementor-element-44c03854\" data-id=\"44c03854\" data-element_type=\"column\">\n\t\t\t<div class=\"elementor-widget-wrap elementor-element-populated\">\n\t\t\t\t\t\t<div class=\"elementor-element elementor-element-610eb834 elementor-widget elementor-widget-image\" data-id=\"610eb834\" data-element_type=\"widget\" data-widget_type=\"image.default\">\n\t\t\t\t<div class=\"elementor-widget-container\">\n\t\t\t\t\t\t\t\t\t\t\t\t\t\t\t<img loading=\"lazy\" decoding=\"async\" width=\"314\" height=\"204\" src=\"https:\/\/star-trademarks.com\/wordpress\/wp-content\/uploads\/2019\/03\/icon-helm.png\" class=\"attachment-large size-large wp-image-1630\" alt=\"\" srcset=\"https:\/\/star-trademarks.com\/wordpress\/wp-content\/uploads\/2019\/03\/icon-helm.png 314w, https:\/\/star-trademarks.com\/wordpress\/wp-content\/uploads\/2019\/03\/icon-helm-300x195.png 300w\" sizes=\"(max-width: 314px) 100vw, 314px\" title=\"icon-helm\" \/>\t\t\t\t\t\t\t\t\t\t\t\t\t\t\t<\/div>\n\t\t\t\t<\/div>\n\t\t\t\t\t<\/div>\n\t\t<\/div>\n\t\t\t\t\t<\/div>\n\t\t<\/section>\n\t\t\t\t<section class=\"elementor-section elementor-top-section elementor-element elementor-element-367c6b4 elementor-section-boxed elementor-section-height-default elementor-section-height-default\" data-id=\"367c6b4\" data-element_type=\"section\">\n\t\t\t\t\t\t<div class=\"elementor-container elementor-column-gap-default\">\n\t\t\t\t\t<div class=\"elementor-column elementor-col-100 elementor-top-column elementor-element elementor-element-1ab045b\" data-id=\"1ab045b\" data-element_type=\"column\">\n\t\t\t<div class=\"elementor-widget-wrap elementor-element-populated\">\n\t\t\t\t\t\t<div class=\"elementor-element elementor-element-47e1c0a elementor-hidden-desktop elementor-hidden-tablet elementor-widget elementor-widget-heading\" data-id=\"47e1c0a\" data-element_type=\"widget\" data-widget_type=\"heading.default\">\n\t\t\t\t<div class=\"elementor-widget-container\">\n\t\t\t\t\t<h1 class=\"elementor-heading-title elementor-size-default\">Social commitment<\/h1>\t\t\t\t<\/div>\n\t\t\t\t<\/div>\n\t\t\t\t<div class=\"elementor-element elementor-element-c6ec03d elementor-widget elementor-widget-heading\" data-id=\"c6ec03d\" data-element_type=\"widget\" data-widget_type=\"heading.default\">\n\t\t\t\t<div class=\"elementor-widget-container\">\n\t\t\t\t\t<h2 class=\"elementor-heading-title elementor-size-default\">Star-Trademarks unterst\u00fctzt den OAfrica e.V.<\/h2>\t\t\t\t<\/div>\n\t\t\t\t<\/div>\n\t\t\t\t<div class=\"elementor-element elementor-element-486d86f elementor-widget elementor-widget-heading\" data-id=\"486d86f\" data-element_type=\"widget\" data-widget_type=\"heading.default\">\n\t\t\t\t<div class=\"elementor-widget-container\">\n\t\t\t\t\t<h5 class=\"elementor-heading-title elementor-size-default\">Why we support an organisation that gives orphans and children with disabilities in Ghana\/West Africa a home, and why we believe that you should also support this project.<\/h5>\t\t\t\t<\/div>\n\t\t\t\t<\/div>\n\t\t\t\t\t<\/div>\n\t\t<\/div>\n\t\t\t\t\t<\/div>\n\t\t<\/section>\n\t\t\t\t<section class=\"elementor-section elementor-top-section elementor-element elementor-element-a44aaa6 elementor-section-boxed elementor-section-height-default elementor-section-height-default\" data-id=\"a44aaa6\" data-element_type=\"section\">\n\t\t\t\t\t\t<div class=\"elementor-container elementor-column-gap-default\">\n\t\t\t\t\t<div class=\"elementor-column elementor-col-100 elementor-top-column elementor-element elementor-element-335c4d7\" data-id=\"335c4d7\" data-element_type=\"column\">\n\t\t\t<div class=\"elementor-widget-wrap elementor-element-populated\">\n\t\t\t\t\t\t<section class=\"elementor-section elementor-inner-section elementor-element elementor-element-d3a1328 elementor-section-boxed elementor-section-height-default elementor-section-height-default\" data-id=\"d3a1328\" data-element_type=\"section\">\n\t\t\t\t\t\t<div class=\"elementor-container elementor-column-gap-default\">\n\t\t\t\t\t<div class=\"elementor-column elementor-col-66 elementor-inner-column elementor-element elementor-element-9408d60\" data-id=\"9408d60\" data-element_type=\"column\">\n\t\t\t<div class=\"elementor-widget-wrap elementor-element-populated\">\n\t\t\t\t\t\t<div class=\"elementor-element-custom_font_family elementor-element-custom_font_weight elementor-element-custom_color elementor-element elementor-element-b40361a elementor-widget elementor-widget-text-editor\" data-id=\"b40361a\" data-element_type=\"widget\" data-widget_type=\"text-editor.default\">\n\t\t\t\t<div class=\"elementor-widget-container\">\n\t\t\t\t\t\t\t\t\t<p><span>A \"small\" miracle! - Everyone is watching speechlessly, the atmosphere among the children and employees of OA is electric. Nobody would have thought this was possible - least of all his doctors, but\u00a0<\/span><strong>COURAGE CAN WALK!<\/strong><\/p><p><span>Courage is the first child that Lisa Lovatt-Smith, the founder of OrphanAid Africa, took in in 2002. Back then, she found him curled up on the floor of the orphanage, covered with flies. Nobody cared about the tiny, sick baby.\u00a0<\/span><\/p><p><span>Due to his paralysis, people thought he had a spinal cord injury. Later, he was diagnosed with cerebral palsy, autism, and epilepsy. For months, he had been constantly admitted to the hospital - a huge burden for such a young boy. He was given the name Courage. In 2010, eight years later, Courage did credit to his name. He was able to walk! This is only one of the success stories of OrphanAid Africa.<\/span><\/p>\t\t\t\t\t\t\t\t<\/div>\n\t\t\t\t<\/div>\n\t\t\t\t\t<\/div>\n\t\t<\/div>\n\t\t\t\t<div class=\"elementor-column elementor-col-33 elementor-inner-column elementor-element elementor-element-f55b004\" data-id=\"f55b004\" data-element_type=\"column\">\n\t\t\t<div class=\"elementor-widget-wrap elementor-element-populated\">\n\t\t\t\t\t\t<div class=\"elementor-element elementor-element-e4f30d4 elementor-widget elementor-widget-image\" data-id=\"e4f30d4\" data-element_type=\"widget\" data-widget_type=\"image.default\">\n\t\t\t\t<div class=\"elementor-widget-container\">\n\t\t\t\t\t\t\t\t\t\t\t\t<figure class=\"wp-caption\">\n\t\t\t\t\t\t\t\t\t\t<img loading=\"lazy\" decoding=\"async\" width=\"317\" height=\"146\" src=\"https:\/\/star-trademarks.com\/wordpress\/wp-content\/uploads\/2019\/04\/courage_width.jpg\" class=\"attachment-medium_large size-medium_large wp-image-2019\" alt=\"\" srcset=\"https:\/\/star-trademarks.com\/wordpress\/wp-content\/uploads\/2019\/04\/courage_width.jpg 317w, https:\/\/star-trademarks.com\/wordpress\/wp-content\/uploads\/2019\/04\/courage_width-300x138.jpg 300w\" sizes=\"(max-width: 317px) 100vw, 317px\" title=\"courage_width\" \/>\t\t\t\t\t\t\t\t\t\t\t<figcaption class=\"widget-image-caption wp-caption-text\">Courage at OrphanAid Africa<\/figcaption>\n\t\t\t\t\t\t\t\t\t\t<\/figure>\n\t\t\t\t\t\t\t\t\t<\/div>\n\t\t\t\t<\/div>\n\t\t\t\t\t<\/div>\n\t\t<\/div>\n\t\t\t\t\t<\/div>\n\t\t<\/section>\n\t\t\t\t\t<\/div>\n\t\t<\/div>\n\t\t\t\t\t<\/div>\n\t\t<\/section>\n\t\t\t\t<section class=\"elementor-section elementor-top-section elementor-element elementor-element-9c5762b elementor-section-boxed elementor-section-height-default elementor-section-height-default\" data-id=\"9c5762b\" data-element_type=\"section\" data-settings=\"{&quot;background_background&quot;:&quot;classic&quot;}\">\n\t\t\t\t\t\t<div class=\"elementor-container elementor-column-gap-default\">\n\t\t\t\t\t<div class=\"elementor-column elementor-col-100 elementor-top-column elementor-element elementor-element-6c8c639\" data-id=\"6c8c639\" data-element_type=\"column\">\n\t\t\t<div class=\"elementor-widget-wrap elementor-element-populated\">\n\t\t\t\t\t\t<div class=\"elementor-element-custom_font_family elementor-element-custom_font_weight elementor-element-custom_color elementor-element elementor-element-acee3ab elementor-widget elementor-widget-text-editor\" data-id=\"acee3ab\" data-element_type=\"widget\" data-widget_type=\"text-editor.default\">\n\t\t\t\t<div class=\"elementor-widget-container\">\n\t\t\t\t\t\t\t\t\t<p>The following bank account was set up for donations:<\/p><p><strong>OAfrica e. V.<br \/>VR Bank Starnberg-Hg-LL eG<br \/>IBAN: DE20 7009 3200 0002 1752 07<br \/>BIC: GENODEF1STH<\/strong><\/p><p>OAfrica e. V. ist eine gemeinn\u00fctzige Organisation, die 2002 in Ghana gegr\u00fcndet wurde und Waisen und bed\u00fcrftige Kinder unterst\u00fctzt. Seit 2007 ist OA in Deutschland durch den OAfrica e. V. vertreten. Die Stiftung ist offiziell als gemeinn\u00fctzige und mildt\u00e4tige Organisation zur F\u00f6rderung der Jugendhilfe anerkannt. Die Stiftung stellt Ihnen gerne eine Spendenbescheinigung aus.<\/p>\t\t\t\t\t\t\t\t<\/div>\n\t\t\t\t<\/div>\n\t\t\t\t\t<\/div>\n\t\t<\/div>\n\t\t\t\t\t<\/div>\n\t\t<\/section>\n\t\t\t\t<section class=\"elementor-section elementor-top-section elementor-element elementor-element-30e4040 elementor-section-boxed elementor-section-height-default elementor-section-height-default\" data-id=\"30e4040\" data-element_type=\"section\" data-settings=\"{&quot;background_background&quot;:&quot;classic&quot;}\">\n\t\t\t\t\t\t<div class=\"elementor-container elementor-column-gap-default\">\n\t\t\t\t\t<div class=\"elementor-column elementor-col-100 elementor-top-column elementor-element elementor-element-6c6b5be\" data-id=\"6c6b5be\" data-element_type=\"column\">\n\t\t\t<div class=\"elementor-widget-wrap elementor-element-populated\">\n\t\t\t\t\t\t<div class=\"elementor-element-custom_font_family elementor-element-custom_font_weight elementor-element-custom_color elementor-element elementor-element-32439ad elementor-widget elementor-widget-text-editor\" data-id=\"32439ad\" data-element_type=\"widget\" data-widget_type=\"text-editor.default\">\n\t\t\t\t<div class=\"elementor-widget-container\">\n\t\t\t\t\t\t\t\t\t<span>Die Mission von OAfrica e. V. ist es an Ursachen statt an Symptomen zu arbeiten und \u00fcber diesen Ansatz Waisen und schutzbed\u00fcrftige Kinder in Ghana durch Projekte zu deren Betreuung, Bildung und Entwicklung zu unterst\u00fctzen. OAfrica e. V. will, dass Kinder in sicheren und best\u00e4ndigen Familienstrukturen gro\u00df werden, in denen sie F\u00fcrsorge und Schutz erfahren. In Einklang mit den Richtlinien von UNICEF vermeidet OAfrica e. V. die institutionelle Unterbringung von Kindern wann immer dies m\u00f6glich ist. OAfrica e. V. ist \u00fcberzeugt, dass die Familie die beste M\u00f6glichkeit ist, um Kindern den Schutz und die F\u00fcrsorge zu bieten, die sie brauchen.<\/span>\n\n<span>\u00a0That is why the organisation developed a programme for the safe repatriation of children to their families, whenever it is possible and beneficial for the child's well-being. International studies have shown that long-term accommodation in orphanages can inhibit a child's development. Furthermore, basic rights of the children might be neglected. If you are interested in learning more about the organisation, or if you would like to know how you can contribute financially, you can find more information at\u00a0<\/span><a target=\"_blank\" href=\"https:\/\/www.oafrica.org\" class=\"link\" rel=\"noopener\">www.oafrica.org<\/a><span>\u00a0and have a look on the exemplary work of the organisation.<\/span>\t\t\t\t\t\t\t\t<\/div>\n\t\t\t\t<\/div>\n\t\t\t\t\t<\/div>\n\t\t<\/div>\n\t\t\t\t\t<\/div>\n\t\t<\/section>\n\t\t\t\t<section class=\"elementor-section elementor-top-section elementor-element elementor-element-963b51e elementor-section-boxed elementor-section-height-default elementor-section-height-default\" data-id=\"963b51e\" data-element_type=\"section\" data-settings=\"{&quot;background_background&quot;:&quot;classic&quot;}\">\n\t\t\t\t\t\t<div class=\"elementor-container elementor-column-gap-default\">\n\t\t\t\t\t<div class=\"elementor-column elementor-col-100 elementor-top-column elementor-element elementor-element-b9a5e4a\" data-id=\"b9a5e4a\" data-element_type=\"column\">\n\t\t\t<div class=\"elementor-widget-wrap elementor-element-populated\">\n\t\t\t\t\t\t<section class=\"elementor-section elementor-inner-section elementor-element elementor-element-6b3a2e8 elementor-section-boxed elementor-section-height-default elementor-section-height-default\" data-id=\"6b3a2e8\" data-element_type=\"section\">\n\t\t\t\t\t\t<div class=\"elementor-container elementor-column-gap-default\">\n\t\t\t\t\t<div class=\"elementor-column elementor-col-66 elementor-inner-column elementor-element elementor-element-60e0385\" data-id=\"60e0385\" data-element_type=\"column\">\n\t\t\t<div class=\"elementor-widget-wrap elementor-element-populated\">\n\t\t\t\t\t\t<div class=\"elementor-element elementor-element-45118f3 elementor-widget elementor-widget-heading\" data-id=\"45118f3\" data-element_type=\"widget\" data-widget_type=\"heading.default\">\n\t\t\t\t<div class=\"elementor-widget-container\">\n\t\t\t\t\t<h4 class=\"elementor-heading-title elementor-size-default\">Why does Star-Trademarks support OrphanAid Africa and why do we tell you about it?<\/h4>\t\t\t\t<\/div>\n\t\t\t\t<\/div>\n\t\t\t\t<div class=\"elementor-element-custom_font_family elementor-element-custom_font_weight elementor-element-custom_color elementor-element elementor-element-7e948f0 elementor-widget elementor-widget-text-editor\" data-id=\"7e948f0\" data-element_type=\"widget\" data-widget_type=\"text-editor.default\">\n\t\t\t\t<div class=\"elementor-widget-container\">\n\t\t\t\t\t\t\t\t\t<p><span>OAfrica e. V. ben\u00f6tigt kontinuierliche Hilfe in Form von Spendengeldern um das herausfordernde Programm finanzieren zu k\u00f6nnen. Das Konzept wurde auf Basis neuester Erkenntnisse der Entwicklungshilfe strukturiert und entwickelte sich so zum Vorbild f\u00fcr zahlreiche andere Hilfsorganisationen in Afrika und auf der ganzen Welt. Die Vereinten Nationen bezeichnen OAfrica e. V. als musterg\u00fcltiges Beispiel zur erfolgreichen De-Institutionalisierung der Kinderhilfe.\u00a0<\/span><\/p><p><span>Ich habe mich davon vor Ort selbst \u00fcberzeugt und kann ihnen versichern, dass die Gelder sinngerecht zum Einsatz gelangen. Durch die Arbeit von\u00a0<\/span>OAfrica e. V.<span>\u00a0kann das Programm zur R\u00fcckf\u00fchrung der unechten Waisenkinder in ihre Familien finanziert (ca. 80-90% aller Waisenkinder in Ghana haben noch eine Familie) und somit der Hauptteil der Mittel konzentriert f\u00fcr die echten Waisenkinder, f\u00fcr die behinderten Kinder wie Courage, f\u00fcr die Gesundheitsversorgung zahlreicher Kinder, die Elternbildung oder die Nachwuchsf\u00f6rderung durch Schulsponsoring finanziert werden. So kann mit relativ geringen Mitteln ein gro\u00dfer Kreis an hilfsbed\u00fcrftigen Menschen ein nachhaltig aufgebautes und damit w\u00fcrdiges Leben erhalten.<\/span><\/p><p><span>Star-Trademarks spendet f\u00fcr jedes verkauftes 10 Zoll Sport Laufrad in rot (RU-10-ST-01-RED) einen Betrag von 3 Euro. Im Jahr 2018 sind somit rund 4000 Euro an Spenden f\u00fcr\u00a0<\/span>OAfrica e. V.\u00a0<span>zusammen gekommen.<\/span><\/p>\t\t\t\t\t\t\t\t<\/div>\n\t\t\t\t<\/div>\n\t\t\t\t\t<\/div>\n\t\t<\/div>\n\t\t\t\t<div class=\"elementor-column elementor-col-33 elementor-inner-column elementor-element elementor-element-b995e7f\" data-id=\"b995e7f\" data-element_type=\"column\">\n\t\t\t<div class=\"elementor-widget-wrap elementor-element-populated\">\n\t\t\t\t\t\t<div class=\"elementor-element elementor-element-f0698e0 elementor-widget elementor-widget-image\" data-id=\"f0698e0\" data-element_type=\"widget\" data-widget_type=\"image.default\">\n\t\t\t\t<div class=\"elementor-widget-container\">\n\t\t\t\t\t\t\t\t\t\t\t\t\t\t\t<img decoding=\"async\" src=\"https:\/\/star-trademarks.com\/wordpress\/wp-content\/uploads\/2019\/04\/csr.jpg\" title=\"csr\" alt=\"csr\" loading=\"lazy\" \/>\t\t\t\t\t\t\t\t\t\t\t\t\t\t\t<\/div>\n\t\t\t\t<\/div>\n\t\t\t\t\t<\/div>\n\t\t<\/div>\n\t\t\t\t\t<\/div>\n\t\t<\/section>\n\t\t\t\t\t<\/div>\n\t\t<\/div>\n\t\t\t\t\t<\/div>\n\t\t<\/section>\n\t\t\t\t<section class=\"elementor-section elementor-top-section elementor-element elementor-element-95f634b elementor-section-boxed elementor-section-height-default elementor-section-height-default\" data-id=\"95f634b\" data-element_type=\"section\">\n\t\t\t\t\t\t<div class=\"elementor-container elementor-column-gap-default\">\n\t\t\t\t\t<div class=\"elementor-column elementor-col-100 elementor-top-column elementor-element elementor-element-bcf6eee\" data-id=\"bcf6eee\" data-element_type=\"column\">\n\t\t\t<div class=\"elementor-widget-wrap elementor-element-populated\">\n\t\t\t\t\t\t<div class=\"elementor-element-custom_font_family elementor-element-custom_font_weight elementor-element-custom_color elementor-element elementor-element-e0a2de2 elementor-widget elementor-widget-text-editor\" data-id=\"e0a2de2\" data-element_type=\"widget\" data-widget_type=\"text-editor.default\">\n\t\t\t\t<div class=\"elementor-widget-container\">\n\t\t\t\t\t\t\t\t\t<p style=\"text-align: center;\">Support this wonderful and challenging pioneering project of modern development aid.<\/p><p style=\"text-align: center;\">Thank you very much in the name of the children<\/p><p style=\"text-align: center;\">Lukas Rosenkranz<br \/>Foundation Board of the OrphanAid Africa Foundation, Munich<\/p>\t\t\t\t\t\t\t\t<\/div>\n\t\t\t\t<\/div>\n\t\t\t\t\t<\/div>\n\t\t<\/div>\n\t\t\t\t\t<\/div>\n\t\t<\/section>\n\t\t\t\t<\/div>","protected":false},"excerpt":{"rendered":"<p>Soziales Engagement Soziales Engagement Star-Trademarks unterst\u00fctzt den OAfrica e.V. Warum wir eine Organisation unterst\u00fctzen, welche verwaisten und behinderten Kindern in Ghana\/Westafrika ihr Zuhause zur\u00fcck gibt, und warum wir glauben, dass auch Sie dieses Projekt unterst\u00fctzen sollten.\u200b Ein \u201ckleines\u201d Wunder! \u2013 Alle beobachten ihn ungl\u00e4ubig, die Atmosph\u00e4re unter den Kindern und Mitarbeitern bei OA ist wie [&hellip;]<\/p>","protected":false},"author":1,"featured_media":0,"parent":2376,"menu_order":0,"comment_status":"closed","ping_status":"closed","template":"","meta":{"footnotes":""},"class_list":["post-1899","page","type-page","status-publish","hentry"],"_links":{"self":[{"href":"https:\/\/star-trademarks.com\/en\/wp-json\/wp\/v2\/pages\/1899","targetHints":{"allow":["GET"]}}],"collection":[{"href":"https:\/\/star-trademarks.com\/en\/wp-json\/wp\/v2\/pages"}],"about":[{"href":"https:\/\/star-trademarks.com\/en\/wp-json\/wp\/v2\/types\/page"}],"author":[{"embeddable":true,"href":"https:\/\/star-trademarks.com\/en\/wp-json\/wp\/v2\/users\/1"}],"replies":[{"embeddable":true,"href":"https:\/\/star-trademarks.com\/en\/wp-json\/wp\/v2\/comments?post=1899"}],"version-history":[{"count":21,"href":"https:\/\/star-trademarks.com\/en\/wp-json\/wp\/v2\/pages\/1899\/revisions"}],"predecessor-version":[{"id":2521,"href":"https:\/\/star-trademarks.com\/en\/wp-json\/wp\/v2\/pages\/1899\/revisions\/2521"}],"up":[{"embeddable":true,"href":"https:\/\/star-trademarks.com\/en\/wp-json\/wp\/v2\/pages\/2376"}],"wp:attachment":[{"href":"https:\/\/star-trademarks.com\/en\/wp-json\/wp\/v2\/media?parent=1899"}],"curies":[{"name":"wp","href":"https:\/\/api.w.org\/{rel}","templated":true}]}}