{"id":2026,"date":"2019-04-16T11:36:18","date_gmt":"2019-04-16T09:36:18","guid":{"rendered":"https:\/\/star-trademarks.com\/wordpress\/?page_id=2026"},"modified":"2019-04-16T11:37:45","modified_gmt":"2019-04-16T09:37:45","slug":"agb","status":"publish","type":"page","link":"https:\/\/star-trademarks.com\/en\/agb\/","title":{"rendered":"Allgemeine Gesch\u00e4ftsbedingungen"},"content":{"rendered":"<div data-elementor-type=\"wp-post\" data-elementor-id=\"2026\" class=\"elementor elementor-2026\">\n\t\t\t\t\t\t<section class=\"elementor-section elementor-top-section elementor-element elementor-element-101f526d elementor-section-boxed elementor-section-height-default elementor-section-height-default\" data-id=\"101f526d\" data-element_type=\"section\">\n\t\t\t\t\t\t<div class=\"elementor-container elementor-column-gap-default\">\n\t\t\t\t\t<div class=\"elementor-column elementor-col-100 elementor-top-column elementor-element elementor-element-6bbef710\" data-id=\"6bbef710\" data-element_type=\"column\">\n\t\t\t<div class=\"elementor-widget-wrap\">\n\t\t\t\t\t\t\t<\/div>\n\t\t<\/div>\n\t\t\t\t\t<\/div>\n\t\t<\/section>\n\t\t\t\t<section class=\"elementor-section elementor-top-section elementor-element elementor-element-1ea758bd elementor-section-boxed elementor-section-height-default elementor-section-height-default\" data-id=\"1ea758bd\" data-element_type=\"section\" data-settings=\"{&quot;background_background&quot;:&quot;classic&quot;}\">\n\t\t\t\t\t\t<div class=\"elementor-container elementor-column-gap-default\">\n\t\t\t\t\t<div class=\"elementor-column elementor-col-100 elementor-top-column elementor-element elementor-element-60a98209\" data-id=\"60a98209\" data-element_type=\"column\">\n\t\t\t<div class=\"elementor-widget-wrap elementor-element-populated\">\n\t\t\t\t\t\t<div class=\"elementor-element elementor-element-ed15c22 elementor-invisible elementor-widget elementor-widget-heading\" data-id=\"ed15c22\" data-element_type=\"widget\" data-settings=\"{&quot;_animation&quot;:&quot;fadeInDown&quot;}\" data-widget_type=\"heading.default\">\n\t\t\t\t<div class=\"elementor-widget-container\">\n\t\t\t\t\t<h1 class=\"elementor-heading-title elementor-size-default\">Allgemeine<br>\nGesch\u00e4ftsbedingungen<\/h1>\t\t\t\t<\/div>\n\t\t\t\t<\/div>\n\t\t\t\t<div class=\"elementor-element elementor-element-76e7c9cd elementor-widget elementor-widget-spacer\" data-id=\"76e7c9cd\" data-element_type=\"widget\" data-widget_type=\"spacer.default\">\n\t\t\t\t<div class=\"elementor-widget-container\">\n\t\t\t\t\t\t\t<div class=\"elementor-spacer\">\n\t\t\t<div class=\"elementor-spacer-inner\"><\/div>\n\t\t<\/div>\n\t\t\t\t\t\t<\/div>\n\t\t\t\t<\/div>\n\t\t\t\t\t<\/div>\n\t\t<\/div>\n\t\t\t\t\t<\/div>\n\t\t<\/section>\n\t\t\t\t<section class=\"elementor-section elementor-top-section elementor-element elementor-element-1c7b1ebf elementor-section-boxed elementor-section-height-default elementor-section-height-default\" data-id=\"1c7b1ebf\" data-element_type=\"section\" data-settings=\"{&quot;background_background&quot;:&quot;classic&quot;}\">\n\t\t\t\t\t\t<div class=\"elementor-container elementor-column-gap-default\">\n\t\t\t\t\t<div class=\"elementor-column elementor-col-20 elementor-top-column elementor-element elementor-element-54615396\" data-id=\"54615396\" data-element_type=\"column\">\n\t\t\t<div class=\"elementor-widget-wrap elementor-element-populated\">\n\t\t\t\t\t\t<div class=\"elementor-element elementor-element-3545cd1b elementor-widget elementor-widget-image\" data-id=\"3545cd1b\" data-element_type=\"widget\" data-widget_type=\"image.default\">\n\t\t\t\t<div class=\"elementor-widget-container\">\n\t\t\t\t\t\t\t\t\t\t\t\t\t\t\t<img fetchpriority=\"high\" decoding=\"async\" width=\"300\" height=\"195\" src=\"https:\/\/star-trademarks.com\/wordpress\/wp-content\/uploads\/2019\/03\/icon-laufrad-300x195.png\" class=\"attachment-medium size-medium wp-image-1626\" alt=\"\" srcset=\"https:\/\/star-trademarks.com\/wordpress\/wp-content\/uploads\/2019\/03\/icon-laufrad-300x195.png 300w, https:\/\/star-trademarks.com\/wordpress\/wp-content\/uploads\/2019\/03\/icon-laufrad.png 314w\" sizes=\"(max-width: 300px) 100vw, 300px\" title=\"icon-laufrad\" \/>\t\t\t\t\t\t\t\t\t\t\t\t\t\t\t<\/div>\n\t\t\t\t<\/div>\n\t\t\t\t\t<\/div>\n\t\t<\/div>\n\t\t\t\t<div class=\"elementor-column elementor-col-20 elementor-top-column elementor-element elementor-element-3df50cf3\" data-id=\"3df50cf3\" data-element_type=\"column\">\n\t\t\t<div class=\"elementor-widget-wrap elementor-element-populated\">\n\t\t\t\t\t\t<div class=\"elementor-element elementor-element-78a6db64 elementor-widget elementor-widget-image\" data-id=\"78a6db64\" data-element_type=\"widget\" data-widget_type=\"image.default\">\n\t\t\t\t<div class=\"elementor-widget-container\">\n\t\t\t\t\t\t\t\t\t\t\t\t\t\t\t<img decoding=\"async\" width=\"314\" height=\"204\" src=\"https:\/\/star-trademarks.com\/wordpress\/wp-content\/uploads\/2019\/03\/icon-fahrrad.png\" class=\"attachment-large size-large wp-image-1627\" alt=\"\" srcset=\"https:\/\/star-trademarks.com\/wordpress\/wp-content\/uploads\/2019\/03\/icon-fahrrad.png 314w, https:\/\/star-trademarks.com\/wordpress\/wp-content\/uploads\/2019\/03\/icon-fahrrad-300x195.png 300w\" sizes=\"(max-width: 314px) 100vw, 314px\" title=\"icon-fahrrad\" \/>\t\t\t\t\t\t\t\t\t\t\t\t\t\t\t<\/div>\n\t\t\t\t<\/div>\n\t\t\t\t\t<\/div>\n\t\t<\/div>\n\t\t\t\t<div class=\"elementor-column elementor-col-20 elementor-top-column elementor-element elementor-element-1a4038d0\" data-id=\"1a4038d0\" data-element_type=\"column\">\n\t\t\t<div class=\"elementor-widget-wrap elementor-element-populated\">\n\t\t\t\t\t\t<div class=\"elementor-element elementor-element-7d95efa1 elementor-widget elementor-widget-image\" data-id=\"7d95efa1\" data-element_type=\"widget\" data-widget_type=\"image.default\">\n\t\t\t\t<div class=\"elementor-widget-container\">\n\t\t\t\t\t\t\t\t\t\t\t\t\t\t\t<img decoding=\"async\" width=\"314\" height=\"204\" src=\"https:\/\/star-trademarks.com\/wordpress\/wp-content\/uploads\/2019\/03\/icon-scooter.png\" class=\"attachment-large size-large wp-image-1631\" alt=\"\" srcset=\"https:\/\/star-trademarks.com\/wordpress\/wp-content\/uploads\/2019\/03\/icon-scooter.png 314w, https:\/\/star-trademarks.com\/wordpress\/wp-content\/uploads\/2019\/03\/icon-scooter-300x195.png 300w\" sizes=\"(max-width: 314px) 100vw, 314px\" title=\"icon-scooter\" \/>\t\t\t\t\t\t\t\t\t\t\t\t\t\t\t<\/div>\n\t\t\t\t<\/div>\n\t\t\t\t\t<\/div>\n\t\t<\/div>\n\t\t\t\t<div class=\"elementor-column elementor-col-20 elementor-top-column elementor-element elementor-element-57afd403\" data-id=\"57afd403\" data-element_type=\"column\">\n\t\t\t<div class=\"elementor-widget-wrap elementor-element-populated\">\n\t\t\t\t\t\t<div class=\"elementor-element elementor-element-afcfeab elementor-widget elementor-widget-image\" data-id=\"afcfeab\" data-element_type=\"widget\" data-widget_type=\"image.default\">\n\t\t\t\t<div class=\"elementor-widget-container\">\n\t\t\t\t\t\t\t\t\t\t\t\t\t\t\t<img loading=\"lazy\" decoding=\"async\" width=\"314\" height=\"204\" src=\"https:\/\/star-trademarks.com\/wordpress\/wp-content\/uploads\/2019\/03\/icon-skateboard.png\" class=\"attachment-large size-large wp-image-1629\" alt=\"\" srcset=\"https:\/\/star-trademarks.com\/wordpress\/wp-content\/uploads\/2019\/03\/icon-skateboard.png 314w, https:\/\/star-trademarks.com\/wordpress\/wp-content\/uploads\/2019\/03\/icon-skateboard-300x195.png 300w\" sizes=\"(max-width: 314px) 100vw, 314px\" title=\"icon-skateboard\" \/>\t\t\t\t\t\t\t\t\t\t\t\t\t\t\t<\/div>\n\t\t\t\t<\/div>\n\t\t\t\t\t<\/div>\n\t\t<\/div>\n\t\t\t\t<div class=\"elementor-column elementor-col-20 elementor-top-column elementor-element elementor-element-16f42b6a\" data-id=\"16f42b6a\" data-element_type=\"column\">\n\t\t\t<div class=\"elementor-widget-wrap elementor-element-populated\">\n\t\t\t\t\t\t<div class=\"elementor-element elementor-element-2b3812d7 elementor-widget elementor-widget-image\" data-id=\"2b3812d7\" data-element_type=\"widget\" data-widget_type=\"image.default\">\n\t\t\t\t<div class=\"elementor-widget-container\">\n\t\t\t\t\t\t\t\t\t\t\t\t\t\t\t<img loading=\"lazy\" decoding=\"async\" width=\"314\" height=\"204\" src=\"https:\/\/star-trademarks.com\/wordpress\/wp-content\/uploads\/2019\/03\/icon-helm.png\" class=\"attachment-large size-large wp-image-1630\" alt=\"\" srcset=\"https:\/\/star-trademarks.com\/wordpress\/wp-content\/uploads\/2019\/03\/icon-helm.png 314w, https:\/\/star-trademarks.com\/wordpress\/wp-content\/uploads\/2019\/03\/icon-helm-300x195.png 300w\" sizes=\"(max-width: 314px) 100vw, 314px\" title=\"icon-helm\" \/>\t\t\t\t\t\t\t\t\t\t\t\t\t\t\t<\/div>\n\t\t\t\t<\/div>\n\t\t\t\t\t<\/div>\n\t\t<\/div>\n\t\t\t\t\t<\/div>\n\t\t<\/section>\n\t\t\t\t<section class=\"elementor-section elementor-top-section elementor-element elementor-element-5046f59 elementor-section-boxed elementor-section-height-default elementor-section-height-default\" data-id=\"5046f59\" data-element_type=\"section\">\n\t\t\t\t\t\t<div class=\"elementor-container elementor-column-gap-default\">\n\t\t\t\t\t<div class=\"elementor-column elementor-col-100 elementor-top-column elementor-element elementor-element-94e87ac\" data-id=\"94e87ac\" data-element_type=\"column\">\n\t\t\t<div class=\"elementor-widget-wrap elementor-element-populated\">\n\t\t\t\t\t\t<div class=\"elementor-element-custom_font_family elementor-element-custom_font_weight elementor-element-custom_color elementor-element elementor-element-40c19537 elementor-widget elementor-widget-text-editor\" data-id=\"40c19537\" data-element_type=\"widget\" data-widget_type=\"text-editor.default\">\n\t\t\t\t<div class=\"elementor-widget-container\">\n\t\t\t\t\t\t\t\t\t<h3>\u00a71 Geltungsbereich, Gerichtsstand und anwendbares Recht<\/h3><p>Diese Allgemeinen Gesch\u00e4ftsbedingungen sind Bestandteil eines jeden Vertrages zwischen der Star-Trademarks Shihui &amp; Lucas Rosenkranz &amp; Sven Gegenfurtner GbR R\u00f6ntgenstrasse 5 82152 Planegg (nachfolgend: Star-Trademarks GbR) und dem Kunden (nachfolgend: Kunde). Allen Angeboten, Lieferungen und Leistungen der Star-Trademarks GbR liegen diese Allgemeinen Gesch\u00e4ftsbedingungen zugrunde. Demzufolge erf\u00fcllt die Star-Trademarks GbR Anforderungen ausschlie\u00dflich auf der Grundlage dieser Allgemeinen Gesch\u00e4ftsbedingungen. Es gilt ausschliesslich das Recht der Bundesrepublik Deutschland. Sofern gesetzlich nicht abweichend geregelt, ist der Erf\u00fcllungsort und Gerichtsstand der Sitz der Star-Trademarks GbR.<\/p><h3>\u00a72 Angebot &amp; Vertrag<\/h3><p>Produktpr\u00e4sentationen der Star-Trademarks GbR, stellen noch kein bindendes Angebot dar. Die Star-Trademarks GbR beh\u00e4lt sich das Recht vor, Kundenantr\u00e4ge im Einzelfall \u2013 insbesondere Auftr\u00e4ge aus dem Ausland \u2013 abzulehnen.<\/p><h3>\u00a73 Eigentumsvorbehalt<\/h3><p>Vor deren vollst\u00e4ndiger Bezahlung erfolgt ohne eine entsprechende Vereinbarung keine Auslieferung von Waren an Kunden. Bis zur vollst\u00e4ndigen Bezahlung der Waren beh\u00e4lt sich die Star-Trademarks GbR das Eigentum an der Ware vor.<\/p><h3>\u00a74 Versandkosten von Falschlieferungen<\/h3><p>Entstehen aufgrund einer falschen Lieferadresse oder eines falschen Adressaten oder falscher Ware zus\u00e4tzliche Versandkosten, so tr\u00e4gt die Star-Trademarks GbR diese Kosten nur dann, wenn sie selbst die falsche Angabe zu vertreten hat. In jedem anderen Fall tr\u00e4gt der Kunde die Kosten.<\/p><h3>\u00a75 Haftung<\/h3><p>Die Star-Trademarks GbR haftet \u2013 mit Ausnahme der Verletzung von Leben, K\u00f6rper und Gesundheit und der Verletzung wesentlicher Vertragspflichten \u2013 nur f\u00fcr Sch\u00e4den, die auf ein vors\u00e4tzliches oder grob fahrl\u00e4ssiges Verhalten zur\u00fcckzuf\u00fchren sind. Die Haftung ist \u2013 abgesehen von den oben genannten Ausnahmen \u2013 auf die bei Vertragsschluss typischerweise vorhersehbaren Sch\u00e4den und im \u00fcbrigen der H\u00f6he nach auf die vertragstypischen Durchschnittssch\u00e4den begrenzt.<\/p><h3>\u00a76 Verpackungen<\/h3><p>Wir haben uns einem fl\u00e4chendeckenden R\u00fccknahmesystem angeschlossen. Dieses System wird durch das \u201cDuales System Deutschland AG\u201d mit ihrer Marke \u201cDer Gr\u00fcne Punkt\u00ae\u201d zur Verf\u00fcgung gestellt. Ist eine Produktverpackung mit dem Gr\u00fcnen Punkt gekennzeichnet, so bedeutet dies, dass alle Verpflichtungen zur Entsorgung erf\u00fcllt sind. Ein Verk\u00e4ufer solcher Verpackungen muss dann nichts mehr beachten. Die Verpackung kann durch den K\u00e4ufer an jeder Sammelstelle entsorgt werden. Dar\u00fcber hinaus sind wird gem\u00e4\u00df der Regelungen der Verpackungsverordnung dazu verpflichtet, Verpackungen unserer Produkte, die nicht das Zeichen eines Systems der fl\u00e4chendeckenden Entsorgung (wie etwa dem \u201cGr\u00fcnen Punkt\u00ae\u201d der \u201cDuales System Deutschland AG\u201d oder dem \u201cRESY\u201d-Symbol) tragen, zur\u00fcckzunehmen und f\u00fcr deren Wiederverwendung oder Entsorgung zu sorgen. Zur weiteren Kl\u00e4rung der R\u00fcckgabe setzen Sie sich bei solchen Produkten bitte mit uns in Verbindung:<\/p><p>Telephone: +49 700 startrade (0700-782787233)<br \/>Fax: +49 700 startrade (0700-782787233)<br \/>Email: service@star-trademarks.com<\/p><p>Wir nennen Ihnen dann eine kommunale Sammelstelle oder ein Entsorgungsunternehmen in Ihrer Umgebung, das die Verpackungen kostenfrei entgegennimmt. Sollte dies nicht m\u00f6glich sein, haben Sie die M\u00f6glichkeit, die Verpackung an uns zu schicken.<\/p><p>Star-Trademarks<br \/>Im TRIWO Gewerbepark<br \/>Geb\u00e4ude D.3.6<br \/>D\u00fcrener Stra\u00dfe 340<br \/>52249 Eschweiler<\/p><p>Die Verpackungen werden von uns wieder verwendet oder gem\u00e4\u00df der Bestimmungen der Verpackungsverordnung entsorgt.<\/p><h3>\u00a77 Salvatorische Klausel<\/h3><p>Sollten einzelne Bestimmungen dieses Vertrages unwirksam sein, so wird hierdurch der Vertrag im \u00fcbrigen nicht ber\u00fchrt.<\/p>\t\t\t\t\t\t\t\t<\/div>\n\t\t\t\t<\/div>\n\t\t\t\t\t<\/div>\n\t\t<\/div>\n\t\t\t\t\t<\/div>\n\t\t<\/section>\n\t\t\t\t<\/div>","protected":false},"excerpt":{"rendered":"<p>Allgemeine Gesch\u00e4ftsbedingungen \u00a71 Geltungsbereich, Gerichtsstand und anwendbares Recht Diese Allgemeinen Gesch\u00e4ftsbedingungen sind Bestandteil eines jeden Vertrages zwischen der Star-Trademarks Shihui &amp; Lucas Rosenkranz &amp; Sven Gegenfurtner GbR R\u00f6ntgenstrasse 5 82152 Planegg (nachfolgend: Star-Trademarks GbR) und dem Kunden (nachfolgend: Kunde). Allen Angeboten, Lieferungen und Leistungen der Star-Trademarks GbR liegen diese Allgemeinen Gesch\u00e4ftsbedingungen zugrunde. Demzufolge erf\u00fcllt die [&hellip;]<\/p>","protected":false},"author":1,"featured_media":0,"parent":0,"menu_order":0,"comment_status":"closed","ping_status":"closed","template":"","meta":{"footnotes":""},"class_list":["post-2026","page","type-page","status-publish","hentry"],"_links":{"self":[{"href":"https:\/\/star-trademarks.com\/en\/wp-json\/wp\/v2\/pages\/2026","targetHints":{"allow":["GET"]}}],"collection":[{"href":"https:\/\/star-trademarks.com\/en\/wp-json\/wp\/v2\/pages"}],"about":[{"href":"https:\/\/star-trademarks.com\/en\/wp-json\/wp\/v2\/types\/page"}],"author":[{"embeddable":true,"href":"https:\/\/star-trademarks.com\/en\/wp-json\/wp\/v2\/users\/1"}],"replies":[{"embeddable":true,"href":"https:\/\/star-trademarks.com\/en\/wp-json\/wp\/v2\/comments?post=2026"}],"version-history":[{"count":2,"href":"https:\/\/star-trademarks.com\/en\/wp-json\/wp\/v2\/pages\/2026\/revisions"}],"predecessor-version":[{"id":2028,"href":"https:\/\/star-trademarks.com\/en\/wp-json\/wp\/v2\/pages\/2026\/revisions\/2028"}],"wp:attachment":[{"href":"https:\/\/star-trademarks.com\/en\/wp-json\/wp\/v2\/media?parent=2026"}],"curies":[{"name":"wp","href":"https:\/\/api.w.org\/{rel}","templated":true}]}}