{"id":2287,"date":"2021-05-11T10:18:49","date_gmt":"2021-05-11T08:18:49","guid":{"rendered":"https:\/\/star-trademarks.com\/?page_id=2287"},"modified":"2021-05-12T13:00:03","modified_gmt":"2021-05-12T11:00:03","slug":"60-tage-risikofrei-testen","status":"publish","type":"page","link":"https:\/\/star-trademarks.com\/en\/60-tage-risikofrei-testen\/","title":{"rendered":"60 Tage risikofrei Testen"},"content":{"rendered":"<div data-elementor-type=\"wp-post\" data-elementor-id=\"2287\" class=\"elementor elementor-2287\">\n\t\t\t\t\t\t<section class=\"elementor-section elementor-top-section elementor-element elementor-element-efb11d0 elementor-section-boxed elementor-section-height-default elementor-section-height-default\" data-id=\"efb11d0\" data-element_type=\"section\">\n\t\t\t\t\t\t<div class=\"elementor-container elementor-column-gap-default\">\n\t\t\t\t\t<div class=\"elementor-column elementor-col-100 elementor-top-column elementor-element elementor-element-ab05fc5\" data-id=\"ab05fc5\" data-element_type=\"column\">\n\t\t\t<div class=\"elementor-widget-wrap\">\n\t\t\t\t\t\t\t<\/div>\n\t\t<\/div>\n\t\t\t\t\t<\/div>\n\t\t<\/section>\n\t\t\t\t<section class=\"elementor-section elementor-top-section elementor-element elementor-element-c7464f elementor-hidden-phone elementor-section-boxed elementor-section-height-default elementor-section-height-default\" data-id=\"c7464f\" data-element_type=\"section\" data-settings=\"{&quot;background_background&quot;:&quot;classic&quot;}\">\n\t\t\t\t\t\t<div class=\"elementor-container elementor-column-gap-default\">\n\t\t\t\t\t<div class=\"elementor-column elementor-col-100 elementor-top-column elementor-element elementor-element-2ad85b27\" data-id=\"2ad85b27\" data-element_type=\"column\">\n\t\t\t<div class=\"elementor-widget-wrap elementor-element-populated\">\n\t\t\t\t\t\t<div class=\"elementor-element elementor-element-726ddb2f elementor-invisible elementor-widget elementor-widget-heading\" data-id=\"726ddb2f\" data-element_type=\"widget\" data-settings=\"{&quot;_animation&quot;:&quot;fadeInDown&quot;}\" data-widget_type=\"heading.default\">\n\t\t\t\t<div class=\"elementor-widget-container\">\n\t\t\t\t\t<h1 class=\"elementor-heading-title elementor-size-default\">60 Tage risikofrei Testen<\/h1>\t\t\t\t<\/div>\n\t\t\t\t<\/div>\n\t\t\t\t<div class=\"elementor-element elementor-element-11556e7c elementor-widget elementor-widget-spacer\" data-id=\"11556e7c\" data-element_type=\"widget\" data-widget_type=\"spacer.default\">\n\t\t\t\t<div class=\"elementor-widget-container\">\n\t\t\t\t\t\t\t<div class=\"elementor-spacer\">\n\t\t\t<div class=\"elementor-spacer-inner\"><\/div>\n\t\t<\/div>\n\t\t\t\t\t\t<\/div>\n\t\t\t\t<\/div>\n\t\t\t\t\t<\/div>\n\t\t<\/div>\n\t\t\t\t\t<\/div>\n\t\t<\/section>\n\t\t\t\t<section class=\"elementor-section elementor-top-section elementor-element elementor-element-2656ceab elementor-hidden-phone elementor-section-boxed elementor-section-height-default elementor-section-height-default\" data-id=\"2656ceab\" data-element_type=\"section\" data-settings=\"{&quot;background_background&quot;:&quot;classic&quot;}\">\n\t\t\t\t\t\t<div class=\"elementor-container elementor-column-gap-default\">\n\t\t\t\t\t<div class=\"elementor-column elementor-col-20 elementor-top-column elementor-element elementor-element-27678a40\" data-id=\"27678a40\" data-element_type=\"column\">\n\t\t\t<div class=\"elementor-widget-wrap elementor-element-populated\">\n\t\t\t\t\t\t<div class=\"elementor-element elementor-element-21ce172f elementor-widget elementor-widget-image\" data-id=\"21ce172f\" data-element_type=\"widget\" data-widget_type=\"image.default\">\n\t\t\t\t<div class=\"elementor-widget-container\">\n\t\t\t\t\t\t\t\t\t\t\t\t\t\t\t<img fetchpriority=\"high\" decoding=\"async\" width=\"300\" height=\"195\" src=\"https:\/\/star-trademarks.com\/wordpress\/wp-content\/uploads\/2019\/03\/icon-laufrad-300x195.png\" class=\"attachment-medium size-medium wp-image-1626\" alt=\"\" srcset=\"https:\/\/star-trademarks.com\/wordpress\/wp-content\/uploads\/2019\/03\/icon-laufrad-300x195.png 300w, https:\/\/star-trademarks.com\/wordpress\/wp-content\/uploads\/2019\/03\/icon-laufrad.png 314w\" sizes=\"(max-width: 300px) 100vw, 300px\" title=\"icon-laufrad\" \/>\t\t\t\t\t\t\t\t\t\t\t\t\t\t\t<\/div>\n\t\t\t\t<\/div>\n\t\t\t\t\t<\/div>\n\t\t<\/div>\n\t\t\t\t<div class=\"elementor-column elementor-col-20 elementor-top-column elementor-element elementor-element-49d3d138\" data-id=\"49d3d138\" data-element_type=\"column\">\n\t\t\t<div class=\"elementor-widget-wrap elementor-element-populated\">\n\t\t\t\t\t\t<div class=\"elementor-element elementor-element-2188a0bc elementor-widget elementor-widget-image\" data-id=\"2188a0bc\" data-element_type=\"widget\" data-widget_type=\"image.default\">\n\t\t\t\t<div class=\"elementor-widget-container\">\n\t\t\t\t\t\t\t\t\t\t\t\t\t\t\t<img decoding=\"async\" width=\"314\" height=\"204\" src=\"https:\/\/star-trademarks.com\/wordpress\/wp-content\/uploads\/2019\/03\/icon-fahrrad.png\" class=\"attachment-large size-large wp-image-1627\" alt=\"\" srcset=\"https:\/\/star-trademarks.com\/wordpress\/wp-content\/uploads\/2019\/03\/icon-fahrrad.png 314w, https:\/\/star-trademarks.com\/wordpress\/wp-content\/uploads\/2019\/03\/icon-fahrrad-300x195.png 300w\" sizes=\"(max-width: 314px) 100vw, 314px\" title=\"icon-fahrrad\" \/>\t\t\t\t\t\t\t\t\t\t\t\t\t\t\t<\/div>\n\t\t\t\t<\/div>\n\t\t\t\t\t<\/div>\n\t\t<\/div>\n\t\t\t\t<div class=\"elementor-column elementor-col-20 elementor-top-column elementor-element elementor-element-19c1a900\" data-id=\"19c1a900\" data-element_type=\"column\">\n\t\t\t<div class=\"elementor-widget-wrap elementor-element-populated\">\n\t\t\t\t\t\t<div class=\"elementor-element elementor-element-4fbaeb92 elementor-widget elementor-widget-image\" data-id=\"4fbaeb92\" data-element_type=\"widget\" data-widget_type=\"image.default\">\n\t\t\t\t<div class=\"elementor-widget-container\">\n\t\t\t\t\t\t\t\t\t\t\t\t\t\t\t<img decoding=\"async\" width=\"314\" height=\"204\" src=\"https:\/\/star-trademarks.com\/wordpress\/wp-content\/uploads\/2019\/03\/icon-scooter.png\" class=\"attachment-large size-large wp-image-1631\" alt=\"\" srcset=\"https:\/\/star-trademarks.com\/wordpress\/wp-content\/uploads\/2019\/03\/icon-scooter.png 314w, https:\/\/star-trademarks.com\/wordpress\/wp-content\/uploads\/2019\/03\/icon-scooter-300x195.png 300w\" sizes=\"(max-width: 314px) 100vw, 314px\" title=\"icon-scooter\" \/>\t\t\t\t\t\t\t\t\t\t\t\t\t\t\t<\/div>\n\t\t\t\t<\/div>\n\t\t\t\t\t<\/div>\n\t\t<\/div>\n\t\t\t\t<div class=\"elementor-column elementor-col-20 elementor-top-column elementor-element elementor-element-2db398c9\" data-id=\"2db398c9\" data-element_type=\"column\">\n\t\t\t<div class=\"elementor-widget-wrap elementor-element-populated\">\n\t\t\t\t\t\t<div class=\"elementor-element elementor-element-767da63b elementor-widget elementor-widget-image\" data-id=\"767da63b\" data-element_type=\"widget\" data-widget_type=\"image.default\">\n\t\t\t\t<div class=\"elementor-widget-container\">\n\t\t\t\t\t\t\t\t\t\t\t\t\t\t\t<img loading=\"lazy\" decoding=\"async\" width=\"314\" height=\"204\" src=\"https:\/\/star-trademarks.com\/wordpress\/wp-content\/uploads\/2019\/03\/icon-skateboard.png\" class=\"attachment-large size-large wp-image-1629\" alt=\"\" srcset=\"https:\/\/star-trademarks.com\/wordpress\/wp-content\/uploads\/2019\/03\/icon-skateboard.png 314w, https:\/\/star-trademarks.com\/wordpress\/wp-content\/uploads\/2019\/03\/icon-skateboard-300x195.png 300w\" sizes=\"(max-width: 314px) 100vw, 314px\" title=\"icon-skateboard\" \/>\t\t\t\t\t\t\t\t\t\t\t\t\t\t\t<\/div>\n\t\t\t\t<\/div>\n\t\t\t\t\t<\/div>\n\t\t<\/div>\n\t\t\t\t<div class=\"elementor-column elementor-col-20 elementor-top-column elementor-element elementor-element-6eec253f\" data-id=\"6eec253f\" data-element_type=\"column\">\n\t\t\t<div class=\"elementor-widget-wrap elementor-element-populated\">\n\t\t\t\t\t\t<div class=\"elementor-element elementor-element-5b534566 elementor-widget elementor-widget-image\" data-id=\"5b534566\" data-element_type=\"widget\" data-widget_type=\"image.default\">\n\t\t\t\t<div class=\"elementor-widget-container\">\n\t\t\t\t\t\t\t\t\t\t\t\t\t\t\t<img loading=\"lazy\" decoding=\"async\" width=\"314\" height=\"204\" src=\"https:\/\/star-trademarks.com\/wordpress\/wp-content\/uploads\/2019\/03\/icon-helm.png\" class=\"attachment-large size-large wp-image-1630\" alt=\"\" srcset=\"https:\/\/star-trademarks.com\/wordpress\/wp-content\/uploads\/2019\/03\/icon-helm.png 314w, https:\/\/star-trademarks.com\/wordpress\/wp-content\/uploads\/2019\/03\/icon-helm-300x195.png 300w\" sizes=\"(max-width: 314px) 100vw, 314px\" title=\"icon-helm\" \/>\t\t\t\t\t\t\t\t\t\t\t\t\t\t\t<\/div>\n\t\t\t\t<\/div>\n\t\t\t\t\t<\/div>\n\t\t<\/div>\n\t\t\t\t\t<\/div>\n\t\t<\/section>\n\t\t\t\t<section class=\"elementor-section elementor-top-section elementor-element elementor-element-42fe1f3 elementor-section-boxed elementor-section-height-default elementor-section-height-default\" data-id=\"42fe1f3\" data-element_type=\"section\">\n\t\t\t\t\t\t<div class=\"elementor-container elementor-column-gap-default\">\n\t\t\t\t\t<div class=\"elementor-column elementor-col-100 elementor-top-column elementor-element elementor-element-cddecc5\" data-id=\"cddecc5\" data-element_type=\"column\">\n\t\t\t<div class=\"elementor-widget-wrap elementor-element-populated\">\n\t\t\t\t\t\t<div class=\"elementor-element elementor-element-09ed990 elementor-hidden-desktop elementor-hidden-tablet elementor-widget elementor-widget-heading\" data-id=\"09ed990\" data-element_type=\"widget\" data-widget_type=\"heading.default\">\n\t\t\t\t<div class=\"elementor-widget-container\">\n\t\t\t\t\t<h2 class=\"elementor-heading-title elementor-size-default\">60 Tage risikofrei Testen<\/h2>\t\t\t\t<\/div>\n\t\t\t\t<\/div>\n\t\t\t\t\t<\/div>\n\t\t<\/div>\n\t\t\t\t\t<\/div>\n\t\t<\/section>\n\t\t\t\t<section class=\"elementor-section elementor-top-section elementor-element elementor-element-52fb26f elementor-section-boxed elementor-section-height-default elementor-section-height-default\" data-id=\"52fb26f\" data-element_type=\"section\">\n\t\t\t\t\t\t<div class=\"elementor-container elementor-column-gap-default\">\n\t\t\t\t\t<div class=\"elementor-column elementor-col-100 elementor-top-column elementor-element elementor-element-d0852a8\" data-id=\"d0852a8\" data-element_type=\"column\">\n\t\t\t<div class=\"elementor-widget-wrap elementor-element-populated\">\n\t\t\t\t\t\t<div class=\"elementor-element-custom_font_family elementor-element-custom_font_weight elementor-element-custom_color elementor-element elementor-element-2afedb5 elementor-widget elementor-widget-text-editor\" data-id=\"2afedb5\" data-element_type=\"widget\" data-widget_type=\"text-editor.default\">\n\t\t\t\t<div class=\"elementor-widget-container\">\n\t\t\t\t\t\t\t\t\t<p>Das perfekte Fahrrad, Laufrad oder den perfekten Roller findest Du nicht innerhalb von 10 Minuten, das wissen wir. Man m\u00f6chte das Produkt doch mal ausprobieren, es f\u00fchlen, erfahren und auch drau\u00dfen damit rum fahren.<\/p>\n<p>Wir legen sogar noch einen drauf! Unsere <strong>BIKESTAR<\/strong> Produkte kannst Du nunmehr ganze&nbsp;<strong>60 Tage<\/strong>&nbsp;v\u00f6llig risikofrei Testen, also auf Herz und Nieren pr\u00fcfen, wo immer Du m\u00f6chtest!<\/p>\n<p>Gef\u00e4llt es Dir, beh\u00e4ltst Du das Produkt einfach. Und sollte es doch nicht das Richtige sein, kein Problem, und Du schickst es ohne Diskussion wieder an uns zur\u00fcck. So einfach geht das!<\/p>\n<p>Und so funktioniert es:<\/p>\n<ul>\n<li>Den Service \u201e60 Tage risikofreies Testen\u201c bieten wir ausschlie\u00dflich f\u00fcr&nbsp;<span style=\"font-size: 12pt;\">neue Produkte (keine B-Ware\/2.Wahl Artikel)<\/span>&nbsp;unserer Marke <strong>BIKESTAR<\/strong><\/li>\n<li>Er ist lediglich f\u00fcr Bestellungen innerhalb Deutschlands (mit deutscher Lieferadresse) verf\u00fcgbar<\/li><li>Ungeachtet der gesetzlichen Widerrufsfrist kannst Du das Produkt in einer Frist von 60 Kalendertagen (gerechnet ab dem Rechnungsdatum) an uns zur\u00fccksenden<\/li><li style=\"padding-bottom: 0px;\">Innerhalb der gesetzlichen Widerrufsfrist ist die R\u00fccksendung f\u00fcr Dich kostenlos; Nach Ablauf der Widerrufsfrist tr\u00e4gst Du die Kosten des R\u00fcckversandes<\/li><\/ul><p>Du m\u00f6chtest ein Produkt an uns zur\u00fccksenden? Kein Problem! Sende uns eine E-Mail an <strong style=\"font-size: 18px;\">service@star-trademarks.com&nbsp;<\/strong><span style=\"font-size: 18px;\">mit Angabe Deiner Rechnungsnummer und wir k\u00fcmmern uns darum<\/span><\/p>\t\t\t\t\t\t\t\t<\/div>\n\t\t\t\t<\/div>\n\t\t\t\t\t<\/div>\n\t\t<\/div>\n\t\t\t\t\t<\/div>\n\t\t<\/section>\n\t\t\t\t<section class=\"elementor-section elementor-top-section elementor-element elementor-element-14775c9 elementor-section-boxed elementor-section-height-default elementor-section-height-default\" data-id=\"14775c9\" data-element_type=\"section\" data-settings=\"{&quot;background_background&quot;:&quot;classic&quot;}\">\n\t\t\t\t\t\t<div class=\"elementor-container elementor-column-gap-default\">\n\t\t\t\t\t<div class=\"elementor-column elementor-col-100 elementor-top-column elementor-element elementor-element-0c9555d\" data-id=\"0c9555d\" data-element_type=\"column\">\n\t\t\t<div class=\"elementor-widget-wrap elementor-element-populated\">\n\t\t\t\t\t\t<div class=\"elementor-element-custom_font_family elementor-element-custom_font_weight elementor-element-custom_color elementor-element elementor-element-79b8ecc elementor-widget elementor-widget-text-editor\" data-id=\"79b8ecc\" data-element_type=\"widget\" data-widget_type=\"text-editor.default\">\n\t\t\t\t<div class=\"elementor-widget-container\">\n\t\t\t\t\t\t\t\t\t<p class=\"text-center alegreya\" style=\"text-align: center;\"><strong>Star-Trademarks: products for the special moments of a child's life.<\/strong><\/p>\t\t\t\t\t\t\t\t<\/div>\n\t\t\t\t<\/div>\n\t\t\t\t\t<\/div>\n\t\t<\/div>\n\t\t\t\t\t<\/div>\n\t\t<\/section>\n\t\t\t\t<\/div>","protected":false},"excerpt":{"rendered":"<p>60 Tage risikofrei Testen 60 Tage risikofrei Testen Das perfekte Fahrrad, Laufrad oder den perfekten Roller findest Du nicht innerhalb von 10 Minuten, das wissen wir. Man m\u00f6chte das Produkt doch mal ausprobieren, es f\u00fchlen, erfahren und auch drau\u00dfen damit rum fahren. Wir legen sogar noch einen drauf! Unsere BIKESTAR Produkte kannst Du nunmehr ganze&nbsp;60 [&hellip;]<\/p>","protected":false},"author":1,"featured_media":0,"parent":0,"menu_order":0,"comment_status":"closed","ping_status":"closed","template":"","meta":{"footnotes":""},"class_list":["post-2287","page","type-page","status-publish","hentry"],"_links":{"self":[{"href":"https:\/\/star-trademarks.com\/en\/wp-json\/wp\/v2\/pages\/2287","targetHints":{"allow":["GET"]}}],"collection":[{"href":"https:\/\/star-trademarks.com\/en\/wp-json\/wp\/v2\/pages"}],"about":[{"href":"https:\/\/star-trademarks.com\/en\/wp-json\/wp\/v2\/types\/page"}],"author":[{"embeddable":true,"href":"https:\/\/star-trademarks.com\/en\/wp-json\/wp\/v2\/users\/1"}],"replies":[{"embeddable":true,"href":"https:\/\/star-trademarks.com\/en\/wp-json\/wp\/v2\/comments?post=2287"}],"version-history":[{"count":23,"href":"https:\/\/star-trademarks.com\/en\/wp-json\/wp\/v2\/pages\/2287\/revisions"}],"predecessor-version":[{"id":2312,"href":"https:\/\/star-trademarks.com\/en\/wp-json\/wp\/v2\/pages\/2287\/revisions\/2312"}],"wp:attachment":[{"href":"https:\/\/star-trademarks.com\/en\/wp-json\/wp\/v2\/media?parent=2287"}],"curies":[{"name":"wp","href":"https:\/\/api.w.org\/{rel}","templated":true}]}}