{"id":2380,"date":"2021-10-13T10:01:15","date_gmt":"2021-10-13T08:01:15","guid":{"rendered":"https:\/\/star-trademarks.com\/?page_id=2380"},"modified":"2021-10-13T10:16:23","modified_gmt":"2021-10-13T08:16:23","slug":"muenchner-arche","status":"publish","type":"page","link":"https:\/\/star-trademarks.com\/en\/soziales-engagement\/muenchner-arche\/","title":{"rendered":"M\u00fcnchner Arche"},"content":{"rendered":"<div data-elementor-type=\"wp-post\" data-elementor-id=\"2380\" class=\"elementor elementor-2380\">\n\t\t\t\t\t\t<section class=\"elementor-section elementor-top-section elementor-element elementor-element-efb11d0 elementor-section-boxed elementor-section-height-default elementor-section-height-default\" data-id=\"efb11d0\" data-element_type=\"section\">\n\t\t\t\t\t\t<div class=\"elementor-container elementor-column-gap-default\">\n\t\t\t\t\t<div class=\"elementor-column elementor-col-100 elementor-top-column elementor-element elementor-element-ab05fc5\" data-id=\"ab05fc5\" data-element_type=\"column\">\n\t\t\t<div class=\"elementor-widget-wrap\">\n\t\t\t\t\t\t\t<\/div>\n\t\t<\/div>\n\t\t\t\t\t<\/div>\n\t\t<\/section>\n\t\t\t\t<section class=\"elementor-section elementor-top-section elementor-element elementor-element-c7464f elementor-hidden-phone elementor-section-boxed elementor-section-height-default elementor-section-height-default\" data-id=\"c7464f\" data-element_type=\"section\" data-settings=\"{&quot;background_background&quot;:&quot;classic&quot;}\">\n\t\t\t\t\t\t<div class=\"elementor-container elementor-column-gap-default\">\n\t\t\t\t\t<div class=\"elementor-column elementor-col-100 elementor-top-column elementor-element elementor-element-2ad85b27\" data-id=\"2ad85b27\" data-element_type=\"column\">\n\t\t\t<div class=\"elementor-widget-wrap elementor-element-populated\">\n\t\t\t\t\t\t<div class=\"elementor-element elementor-element-726ddb2f elementor-invisible elementor-widget elementor-widget-heading\" data-id=\"726ddb2f\" data-element_type=\"widget\" data-settings=\"{&quot;_animation&quot;:&quot;fadeInDown&quot;}\" data-widget_type=\"heading.default\">\n\t\t\t\t<div class=\"elementor-widget-container\">\n\t\t\t\t\t<h1 class=\"elementor-heading-title elementor-size-default\">Social commitment<\/h1>\t\t\t\t<\/div>\n\t\t\t\t<\/div>\n\t\t\t\t<div class=\"elementor-element elementor-element-11556e7c elementor-widget elementor-widget-spacer\" data-id=\"11556e7c\" data-element_type=\"widget\" data-widget_type=\"spacer.default\">\n\t\t\t\t<div class=\"elementor-widget-container\">\n\t\t\t\t\t\t\t<div class=\"elementor-spacer\">\n\t\t\t<div class=\"elementor-spacer-inner\"><\/div>\n\t\t<\/div>\n\t\t\t\t\t\t<\/div>\n\t\t\t\t<\/div>\n\t\t\t\t\t<\/div>\n\t\t<\/div>\n\t\t\t\t\t<\/div>\n\t\t<\/section>\n\t\t\t\t<section class=\"elementor-section elementor-top-section elementor-element elementor-element-2656ceab elementor-hidden-phone elementor-section-boxed elementor-section-height-default elementor-section-height-default\" data-id=\"2656ceab\" data-element_type=\"section\" data-settings=\"{&quot;background_background&quot;:&quot;classic&quot;}\">\n\t\t\t\t\t\t<div class=\"elementor-container elementor-column-gap-default\">\n\t\t\t\t\t<div class=\"elementor-column elementor-col-20 elementor-top-column elementor-element elementor-element-27678a40\" data-id=\"27678a40\" data-element_type=\"column\">\n\t\t\t<div class=\"elementor-widget-wrap elementor-element-populated\">\n\t\t\t\t\t\t<div class=\"elementor-element elementor-element-21ce172f elementor-widget elementor-widget-image\" data-id=\"21ce172f\" data-element_type=\"widget\" data-widget_type=\"image.default\">\n\t\t\t\t<div class=\"elementor-widget-container\">\n\t\t\t\t\t\t\t\t\t\t\t\t\t\t\t<img fetchpriority=\"high\" decoding=\"async\" width=\"300\" height=\"195\" src=\"https:\/\/star-trademarks.com\/wordpress\/wp-content\/uploads\/2019\/03\/icon-laufrad-300x195.png\" class=\"attachment-medium size-medium wp-image-1626\" alt=\"\" srcset=\"https:\/\/star-trademarks.com\/wordpress\/wp-content\/uploads\/2019\/03\/icon-laufrad-300x195.png 300w, https:\/\/star-trademarks.com\/wordpress\/wp-content\/uploads\/2019\/03\/icon-laufrad.png 314w\" sizes=\"(max-width: 300px) 100vw, 300px\" title=\"icon-laufrad\" \/>\t\t\t\t\t\t\t\t\t\t\t\t\t\t\t<\/div>\n\t\t\t\t<\/div>\n\t\t\t\t\t<\/div>\n\t\t<\/div>\n\t\t\t\t<div class=\"elementor-column elementor-col-20 elementor-top-column elementor-element elementor-element-49d3d138\" data-id=\"49d3d138\" data-element_type=\"column\">\n\t\t\t<div class=\"elementor-widget-wrap elementor-element-populated\">\n\t\t\t\t\t\t<div class=\"elementor-element elementor-element-2188a0bc elementor-widget elementor-widget-image\" data-id=\"2188a0bc\" data-element_type=\"widget\" data-widget_type=\"image.default\">\n\t\t\t\t<div class=\"elementor-widget-container\">\n\t\t\t\t\t\t\t\t\t\t\t\t\t\t\t<img decoding=\"async\" width=\"314\" height=\"204\" src=\"https:\/\/star-trademarks.com\/wordpress\/wp-content\/uploads\/2019\/03\/icon-fahrrad.png\" class=\"attachment-large size-large wp-image-1627\" alt=\"\" srcset=\"https:\/\/star-trademarks.com\/wordpress\/wp-content\/uploads\/2019\/03\/icon-fahrrad.png 314w, https:\/\/star-trademarks.com\/wordpress\/wp-content\/uploads\/2019\/03\/icon-fahrrad-300x195.png 300w\" sizes=\"(max-width: 314px) 100vw, 314px\" title=\"icon-fahrrad\" \/>\t\t\t\t\t\t\t\t\t\t\t\t\t\t\t<\/div>\n\t\t\t\t<\/div>\n\t\t\t\t\t<\/div>\n\t\t<\/div>\n\t\t\t\t<div class=\"elementor-column elementor-col-20 elementor-top-column elementor-element elementor-element-19c1a900\" data-id=\"19c1a900\" data-element_type=\"column\">\n\t\t\t<div class=\"elementor-widget-wrap elementor-element-populated\">\n\t\t\t\t\t\t<div class=\"elementor-element elementor-element-4fbaeb92 elementor-widget elementor-widget-image\" data-id=\"4fbaeb92\" data-element_type=\"widget\" data-widget_type=\"image.default\">\n\t\t\t\t<div class=\"elementor-widget-container\">\n\t\t\t\t\t\t\t\t\t\t\t\t\t\t\t<img decoding=\"async\" width=\"314\" height=\"204\" src=\"https:\/\/star-trademarks.com\/wordpress\/wp-content\/uploads\/2019\/03\/icon-scooter.png\" class=\"attachment-large size-large wp-image-1631\" alt=\"\" srcset=\"https:\/\/star-trademarks.com\/wordpress\/wp-content\/uploads\/2019\/03\/icon-scooter.png 314w, https:\/\/star-trademarks.com\/wordpress\/wp-content\/uploads\/2019\/03\/icon-scooter-300x195.png 300w\" sizes=\"(max-width: 314px) 100vw, 314px\" title=\"icon-scooter\" \/>\t\t\t\t\t\t\t\t\t\t\t\t\t\t\t<\/div>\n\t\t\t\t<\/div>\n\t\t\t\t\t<\/div>\n\t\t<\/div>\n\t\t\t\t<div class=\"elementor-column elementor-col-20 elementor-top-column elementor-element elementor-element-2db398c9\" data-id=\"2db398c9\" data-element_type=\"column\">\n\t\t\t<div class=\"elementor-widget-wrap elementor-element-populated\">\n\t\t\t\t\t\t<div class=\"elementor-element elementor-element-767da63b elementor-widget elementor-widget-image\" data-id=\"767da63b\" data-element_type=\"widget\" data-widget_type=\"image.default\">\n\t\t\t\t<div class=\"elementor-widget-container\">\n\t\t\t\t\t\t\t\t\t\t\t\t\t\t\t<img loading=\"lazy\" decoding=\"async\" width=\"314\" height=\"204\" src=\"https:\/\/star-trademarks.com\/wordpress\/wp-content\/uploads\/2019\/03\/icon-skateboard.png\" class=\"attachment-large size-large wp-image-1629\" alt=\"\" srcset=\"https:\/\/star-trademarks.com\/wordpress\/wp-content\/uploads\/2019\/03\/icon-skateboard.png 314w, https:\/\/star-trademarks.com\/wordpress\/wp-content\/uploads\/2019\/03\/icon-skateboard-300x195.png 300w\" sizes=\"(max-width: 314px) 100vw, 314px\" title=\"icon-skateboard\" \/>\t\t\t\t\t\t\t\t\t\t\t\t\t\t\t<\/div>\n\t\t\t\t<\/div>\n\t\t\t\t\t<\/div>\n\t\t<\/div>\n\t\t\t\t<div class=\"elementor-column elementor-col-20 elementor-top-column elementor-element elementor-element-6eec253f\" data-id=\"6eec253f\" data-element_type=\"column\">\n\t\t\t<div class=\"elementor-widget-wrap elementor-element-populated\">\n\t\t\t\t\t\t<div class=\"elementor-element elementor-element-5b534566 elementor-widget elementor-widget-image\" data-id=\"5b534566\" data-element_type=\"widget\" data-widget_type=\"image.default\">\n\t\t\t\t<div class=\"elementor-widget-container\">\n\t\t\t\t\t\t\t\t\t\t\t\t\t\t\t<img loading=\"lazy\" decoding=\"async\" width=\"314\" height=\"204\" src=\"https:\/\/star-trademarks.com\/wordpress\/wp-content\/uploads\/2019\/03\/icon-helm.png\" class=\"attachment-large size-large wp-image-1630\" alt=\"\" srcset=\"https:\/\/star-trademarks.com\/wordpress\/wp-content\/uploads\/2019\/03\/icon-helm.png 314w, https:\/\/star-trademarks.com\/wordpress\/wp-content\/uploads\/2019\/03\/icon-helm-300x195.png 300w\" sizes=\"(max-width: 314px) 100vw, 314px\" title=\"icon-helm\" \/>\t\t\t\t\t\t\t\t\t\t\t\t\t\t\t<\/div>\n\t\t\t\t<\/div>\n\t\t\t\t\t<\/div>\n\t\t<\/div>\n\t\t\t\t\t<\/div>\n\t\t<\/section>\n\t\t\t\t<section class=\"elementor-section elementor-top-section elementor-element elementor-element-0191182 elementor-section-boxed elementor-section-height-default elementor-section-height-default\" data-id=\"0191182\" data-element_type=\"section\">\n\t\t\t\t\t\t<div class=\"elementor-container elementor-column-gap-default\">\n\t\t\t\t\t<div class=\"elementor-column elementor-col-100 elementor-top-column elementor-element elementor-element-9c921eb\" data-id=\"9c921eb\" data-element_type=\"column\">\n\t\t\t<div class=\"elementor-widget-wrap elementor-element-populated\">\n\t\t\t\t\t\t<div class=\"elementor-element-custom_font_family elementor-element-custom_font_weight elementor-element-custom_color elementor-element elementor-element-c95dcea elementor-widget elementor-widget-text-editor\" data-id=\"c95dcea\" data-element_type=\"widget\" data-widget_type=\"text-editor.default\">\n\t\t\t\t<div class=\"elementor-widget-container\">\n\t\t\t\t\t\t\t\t\t<h2>Star-Trademarks unterst\u00fctzt die Arche M\u00fcnchen mit \u00fcber 7.000 Euro<\/h2><div>\u00a0<\/div><p>Die Arche engagiert sich besonders f\u00fcr Kinder aus sozial benachteiligten Verh\u00e4ltnissen. Kinder und Jugendliche werden dabei unterst\u00fctzt ihre Potenziale zu entdecken, ihre Talente werden gef\u00f6rdert. Die Arche macht sie stark f\u00fcr ein selbst\u00e4ndiges Leben.<\/p><p>Die Arche M\u00fcnchen ist seit 15 Jahren, im n\u00f6rdlichen Stadtteil Moosach, vor Ort. Grunds\u00e4tzlich betreut sie Kinder und Jugendliche im Alter von 5 bis 18 Jahren und oft auch dar\u00fcber hinaus. Die Kids bekommen t\u00e4glich eine warme Mahlzeit und Hausaufgabenhilfe. Sie erhalten Nachhilfe und k\u00f6nnen an einem altersgerechten Nachmittagsprogramm teilnehmen. Denn Kinder brauchen Best\u00e4tigung f\u00fcr ihr Selbstvertrauen. Sie brauchen das Gef\u00fchl wichtig zu sein und geliebt zu werden. Viele Kinder hierzulande erleben das leider Zuhause nicht.<\/p><p>Auch Eltern k\u00f6nnen 1 x monatlich zum Elternfr\u00fchst\u00fcck kommen. Das Team der Arche hilft bei Angelegenheiten mit Beh\u00f6rden, bei Gespr\u00e4chen mit Lehrern, dem Jugendamt uvm.<br \/><a href=\"https:\/\/star-trademarks.com\/wordpress\/wp-content\/uploads\/2021\/10\/Arche-1024x720.jpg\"><br \/><img decoding=\"async\" class=\"size-large wp-image-2383 alignleft\" src=\"https:\/\/star-trademarks.com\/wordpress\/wp-content\/uploads\/2021\/10\/Arche-1024x720.jpg\" alt=\"\" width=\"540\" srcset=\"https:\/\/star-trademarks.com\/wordpress\/wp-content\/uploads\/2021\/10\/Arche-1024x720.jpg 1024w, https:\/\/star-trademarks.com\/wordpress\/wp-content\/uploads\/2021\/10\/Arche-300x211.jpg 300w, https:\/\/star-trademarks.com\/wordpress\/wp-content\/uploads\/2021\/10\/Arche-768x540.jpg 768w, https:\/\/star-trademarks.com\/wordpress\/wp-content\/uploads\/2021\/10\/Arche-16x12.jpg 16w, https:\/\/star-trademarks.com\/wordpress\/wp-content\/uploads\/2021\/10\/Arche.jpg 1228w\" sizes=\"(max-width: 1024px) 100vw, 1024px\" \/><\/a><\/p><p>Corona macht leider den normalen Arche Alltag unm\u00f6glich. Es kommen momentan Kinder und Jugendliche schon in der Fr\u00fch zu ihrem jeweiligen Homeschooling Programm, da sie zu Hause keine Lernm\u00f6glichkeiten haben. Au\u00dferdem werden Kinder am Nachmittag beim Lernen unterst\u00fctzt. Die Arche bietet au\u00dferdem Online Lernen an und auch Online Nachmittagsangebote.<\/p><p>Gerade in dieser schwierigen Zeit freut es uns umso mehr, dass wir als Star-Trademarks diese gro\u00dfartige Organisation unterst\u00fctzen k\u00f6nnen. Die Senkung der Mehrwertsteuer von 19 auf 16 Prozent im Zeitraum vom 1. Juli 2020 bis 31.Dez. 2020 haben wir zum Anlass genommen, einen direkten Beitrag zur Unterst\u00fctzung jener zu leisten, die es am meisten ben\u00f6tigen. \u2013 Kinder und Jugendliche, deren Eltern oft in systemrelevanten Berufen arbeiten und daher einfach keine Zeit oder M\u00f6glichkeit haben, ihre Kinder beim Homeschooling zu unterst\u00fctzen.<\/p><p>Die Ersparnis, die wir durch diese Mehrwertsteuersenkung in unserem Star-Trademarks-Shop erwirtschaftet haben, belief sich auf 3.953 \u20ac. Diesen Betrag haben wir verdoppelt!<\/p><p>Leider konnten die Beteiligten auf diesen Erfolg nicht gemeinsam ansto\u00dfen. Stattdessen gab es eine coronagerechte Scheck\u00fcbergaben an der frischen Luft. Der symbolische Spendenscheck in H\u00f6he von 7.906 \u20ac wurde am 15. April 2021 pers\u00f6nlich an die Leitung der M\u00fcnchner Arche, Frau Larissa Rauter, \u00fcbergeben.<\/p><p>\u201eDie F\u00f6rderung von Kindern und Jugendlichen ist uns ein wichtiges Anliegen. Und wir wollten ganz bewusst auch ein M\u00fcnchner Projekt hier vor Ort unterst\u00fctzen\u201c, so Sven Gegenfurtner, Leiter Vertrieb &amp; Service von Star-Trademarks. \u201eWir freuen uns, dass so eine tolle Summe zusammengekommen ist.\u201c<\/p>\t\t\t\t\t\t\t\t<\/div>\n\t\t\t\t<\/div>\n\t\t\t\t\t<\/div>\n\t\t<\/div>\n\t\t\t\t\t<\/div>\n\t\t<\/section>\n\t\t\t\t<section class=\"elementor-section elementor-top-section elementor-element elementor-element-42f6900 elementor-section-boxed elementor-section-height-default elementor-section-height-default\" data-id=\"42f6900\" data-element_type=\"section\">\n\t\t\t\t\t\t<div class=\"elementor-container elementor-column-gap-default\">\n\t\t\t\t\t<div class=\"elementor-column elementor-col-100 elementor-top-column elementor-element elementor-element-f067392\" data-id=\"f067392\" data-element_type=\"column\">\n\t\t\t<div class=\"elementor-widget-wrap elementor-element-populated\">\n\t\t\t\t\t\t<div class=\"elementor-element-custom_font_family elementor-element-custom_font_weight elementor-element-custom_color elementor-element elementor-element-4bbb41f elementor-widget elementor-widget-text-editor\" data-id=\"4bbb41f\" data-element_type=\"widget\" data-widget_type=\"text-editor.default\">\n\t\t\t\t<div class=\"elementor-widget-container\">\n\t\t\t\t\t\t\t\t\t<p><img decoding=\"async\" class=\"size-large wp-image-2390 aligncenter\" src=\"https:\/\/star-trademarks.com\/wordpress\/wp-content\/uploads\/2021\/10\/thumbnail_IMG_5801-1024x768.jpg\" alt=\"\" width=\"640\" srcset=\"https:\/\/star-trademarks.com\/wordpress\/wp-content\/uploads\/2021\/10\/thumbnail_IMG_5801-1024x768.jpg 1024w, https:\/\/star-trademarks.com\/wordpress\/wp-content\/uploads\/2021\/10\/thumbnail_IMG_5801-300x225.jpg 300w, https:\/\/star-trademarks.com\/wordpress\/wp-content\/uploads\/2021\/10\/thumbnail_IMG_5801-768x576.jpg 768w, https:\/\/star-trademarks.com\/wordpress\/wp-content\/uploads\/2021\/10\/thumbnail_IMG_5801-16x12.jpg 16w, https:\/\/star-trademarks.com\/wordpress\/wp-content\/uploads\/2021\/10\/thumbnail_IMG_5801.jpg 1280w\" sizes=\"(max-width: 1024px) 100vw, 1024px\" \/><\/p><p>Bei der Spenden\u00fcbergabe, von links nach rechts: Frau Larissa Rauter, Leitung der M\u00fcnchner Arche, freut sich \u00fcber die Spende, \u00fcberreicht durch das Star-Trademarks Team, Herrn Sven Gegenfurtner und Frau Barbara Nuschej.<\/p>\t\t\t\t\t\t\t\t<\/div>\n\t\t\t\t<\/div>\n\t\t\t\t\t<\/div>\n\t\t<\/div>\n\t\t\t\t\t<\/div>\n\t\t<\/section>\n\t\t\t\t<\/div>","protected":false},"excerpt":{"rendered":"<p>Soziales Engagement Star-Trademarks unterst\u00fctzt die Arche M\u00fcnchen mit \u00fcber 7.000 Euro \u00a0 Die Arche engagiert sich besonders f\u00fcr Kinder aus sozial benachteiligten Verh\u00e4ltnissen. Kinder und Jugendliche werden dabei unterst\u00fctzt ihre Potenziale zu entdecken, ihre Talente werden gef\u00f6rdert. Die Arche macht sie stark f\u00fcr ein selbst\u00e4ndiges Leben. Die Arche M\u00fcnchen ist seit 15 Jahren, im n\u00f6rdlichen [&hellip;]<\/p>","protected":false},"author":1,"featured_media":0,"parent":2376,"menu_order":0,"comment_status":"closed","ping_status":"closed","template":"","meta":{"footnotes":""},"class_list":["post-2380","page","type-page","status-publish","hentry"],"_links":{"self":[{"href":"https:\/\/star-trademarks.com\/en\/wp-json\/wp\/v2\/pages\/2380","targetHints":{"allow":["GET"]}}],"collection":[{"href":"https:\/\/star-trademarks.com\/en\/wp-json\/wp\/v2\/pages"}],"about":[{"href":"https:\/\/star-trademarks.com\/en\/wp-json\/wp\/v2\/types\/page"}],"author":[{"embeddable":true,"href":"https:\/\/star-trademarks.com\/en\/wp-json\/wp\/v2\/users\/1"}],"replies":[{"embeddable":true,"href":"https:\/\/star-trademarks.com\/en\/wp-json\/wp\/v2\/comments?post=2380"}],"version-history":[{"count":13,"href":"https:\/\/star-trademarks.com\/en\/wp-json\/wp\/v2\/pages\/2380\/revisions"}],"predecessor-version":[{"id":2400,"href":"https:\/\/star-trademarks.com\/en\/wp-json\/wp\/v2\/pages\/2380\/revisions\/2400"}],"up":[{"embeddable":true,"href":"https:\/\/star-trademarks.com\/en\/wp-json\/wp\/v2\/pages\/2376"}],"wp:attachment":[{"href":"https:\/\/star-trademarks.com\/en\/wp-json\/wp\/v2\/media?parent=2380"}],"curies":[{"name":"wp","href":"https:\/\/api.w.org\/{rel}","templated":true}]}}