{"id":2460,"date":"2021-11-30T16:44:10","date_gmt":"2021-11-30T15:44:10","guid":{"rendered":"https:\/\/star-trademarks.com\/?page_id=2460"},"modified":"2021-12-17T13:17:40","modified_gmt":"2021-12-17T12:17:40","slug":"produktsicherheit","status":"publish","type":"page","link":"https:\/\/star-trademarks.com\/en\/produktsicherheit\/","title":{"rendered":"Produktsicherheit"},"content":{"rendered":"<div data-elementor-type=\"wp-post\" data-elementor-id=\"2460\" class=\"elementor elementor-2460\">\n\t\t\t\t\t\t<section class=\"elementor-section elementor-top-section elementor-element elementor-element-efb11d0 elementor-section-boxed elementor-section-height-default elementor-section-height-default\" data-id=\"efb11d0\" data-element_type=\"section\">\n\t\t\t\t\t\t<div class=\"elementor-container elementor-column-gap-default\">\n\t\t\t\t\t<div class=\"elementor-column elementor-col-100 elementor-top-column elementor-element elementor-element-9a41787\" data-id=\"9a41787\" data-element_type=\"column\">\n\t\t\t<div class=\"elementor-widget-wrap\">\n\t\t\t\t\t\t\t<\/div>\n\t\t<\/div>\n\t\t\t\t\t<\/div>\n\t\t<\/section>\n\t\t\t\t<section class=\"elementor-section elementor-top-section elementor-element elementor-element-02fc071 elementor-section-boxed elementor-section-height-default elementor-section-height-default\" data-id=\"02fc071\" data-element_type=\"section\">\n\t\t\t\t\t\t<div class=\"elementor-container elementor-column-gap-default\">\n\t\t\t\t\t<div class=\"elementor-column elementor-col-100 elementor-top-column elementor-element elementor-element-29f8654\" data-id=\"29f8654\" data-element_type=\"column\">\n\t\t\t<div class=\"elementor-widget-wrap elementor-element-populated\">\n\t\t\t\t\t\t<div class=\"elementor-element-custom_font_family elementor-element-custom_font_weight elementor-element-custom_color elementor-element elementor-element-dde49de elementor-widget elementor-widget-text-editor\" data-id=\"dde49de\" data-element_type=\"widget\" data-widget_type=\"text-editor.default\">\n\t\t\t\t<div class=\"elementor-widget-container\">\n\t\t\t\t\t\t\t\t\t<h2>DRINGENDE PRODUKTSICHERHEITSINFORMATION <\/h2>\n<p class=\"MsoNormal\" style=\"text-align: justify; tab-stops: 308.25pt;\"><b><span style=\"font-size: 10.0pt; font-family: 'Verdana',sans-serif;\">FREIWILLIGER ERSATZ der Reifen der BIKESTAR 12 Zoll BMX Kinderlaufr\u00e4der<\/span><\/b><\/p>\nMit diesen sicherheitsrelevanten Produktinformationen m\u00f6chten wir Sie \u00fcber einen freiwilligen Ersatz der Reifen der 12 Zoll BMX Kinderlaufr\u00e4der informieren. Dieser betrifft folgende Artikel:\t\t\t\t\t\t\t\t<\/div>\n\t\t\t\t<\/div>\n\t\t\t\t\t<\/div>\n\t\t<\/div>\n\t\t\t\t\t<\/div>\n\t\t<\/section>\n\t\t\t\t<section class=\"elementor-section elementor-top-section elementor-element elementor-element-0860da0 elementor-section-boxed elementor-section-height-default elementor-section-height-default\" data-id=\"0860da0\" data-element_type=\"section\" data-settings=\"{&quot;background_background&quot;:&quot;classic&quot;}\">\n\t\t\t\t\t\t<div class=\"elementor-container elementor-column-gap-default\">\n\t\t\t\t\t<div class=\"elementor-column elementor-col-33 elementor-top-column elementor-element elementor-element-d426962\" data-id=\"d426962\" data-element_type=\"column\">\n\t\t\t<div class=\"elementor-widget-wrap elementor-element-populated\">\n\t\t\t\t\t\t<div class=\"elementor-element elementor-element-0f4cc2d elementor-widget elementor-widget-image\" data-id=\"0f4cc2d\" data-element_type=\"widget\" data-widget_type=\"image.default\">\n\t\t\t\t<div class=\"elementor-widget-container\">\n\t\t\t\t\t\t\t\t\t\t\t\t\t\t\t<img fetchpriority=\"high\" decoding=\"async\" width=\"940\" height=\"904\" src=\"https:\/\/star-trademarks.com\/wordpress\/wp-content\/uploads\/2021\/11\/RU-12-BX-BERR_1-1024x985.jpg\" class=\"attachment-large size-large wp-image-2465\" alt=\"\" srcset=\"https:\/\/star-trademarks.com\/wordpress\/wp-content\/uploads\/2021\/11\/RU-12-BX-BERR_1-1024x985.jpg 1024w, https:\/\/star-trademarks.com\/wordpress\/wp-content\/uploads\/2021\/11\/RU-12-BX-BERR_1-300x289.jpg 300w, https:\/\/star-trademarks.com\/wordpress\/wp-content\/uploads\/2021\/11\/RU-12-BX-BERR_1-768x739.jpg 768w, https:\/\/star-trademarks.com\/wordpress\/wp-content\/uploads\/2021\/11\/RU-12-BX-BERR_1-1536x1477.jpg 1536w, https:\/\/star-trademarks.com\/wordpress\/wp-content\/uploads\/2021\/11\/RU-12-BX-BERR_1-12x12.jpg 12w, https:\/\/star-trademarks.com\/wordpress\/wp-content\/uploads\/2021\/11\/RU-12-BX-BERR_1-1366x1314.jpg 1366w, https:\/\/star-trademarks.com\/wordpress\/wp-content\/uploads\/2021\/11\/RU-12-BX-BERR_1-1920x1847.jpg 1920w\" sizes=\"(max-width: 940px) 100vw, 940px\" title=\"RU-12-BX-BERR_1\" \/>\t\t\t\t\t\t\t\t\t\t\t\t\t\t\t<\/div>\n\t\t\t\t<\/div>\n\t\t\t\t<div class=\"elementor-element elementor-element-3a22978 elementor-widget elementor-widget-heading\" data-id=\"3a22978\" data-element_type=\"widget\" data-widget_type=\"heading.default\">\n\t\t\t\t<div class=\"elementor-widget-container\">\n\t\t\t\t\t<h4 class=\"elementor-heading-title elementor-size-default\">EAN: 4260184715039<\/h4>\t\t\t\t<\/div>\n\t\t\t\t<\/div>\n\t\t\t\t<div class=\"elementor-element elementor-element-fb8485f elementor-widget elementor-widget-heading\" data-id=\"fb8485f\" data-element_type=\"widget\" data-widget_type=\"heading.default\">\n\t\t\t\t<div class=\"elementor-widget-container\">\n\t\t\t\t\t<h5 class=\"elementor-heading-title elementor-size-default\">Model-ID: RU-12-BX-01-BERR<\/h5>\t\t\t\t<\/div>\n\t\t\t\t<\/div>\n\t\t\t\t\t<\/div>\n\t\t<\/div>\n\t\t\t\t<div class=\"elementor-column elementor-col-33 elementor-top-column elementor-element elementor-element-bafff03\" data-id=\"bafff03\" data-element_type=\"column\">\n\t\t\t<div class=\"elementor-widget-wrap elementor-element-populated\">\n\t\t\t\t\t\t<div class=\"elementor-element elementor-element-4e2ba5f elementor-widget elementor-widget-image\" data-id=\"4e2ba5f\" data-element_type=\"widget\" data-widget_type=\"image.default\">\n\t\t\t\t<div class=\"elementor-widget-container\">\n\t\t\t\t\t\t\t\t\t\t\t\t\t\t\t<img decoding=\"async\" width=\"940\" height=\"867\" src=\"https:\/\/star-trademarks.com\/wordpress\/wp-content\/uploads\/2021\/11\/RU-12-BX-BLAC_1-1024x944.jpg\" class=\"attachment-large size-large wp-image-2466\" alt=\"\" srcset=\"https:\/\/star-trademarks.com\/wordpress\/wp-content\/uploads\/2021\/11\/RU-12-BX-BLAC_1-1024x944.jpg 1024w, https:\/\/star-trademarks.com\/wordpress\/wp-content\/uploads\/2021\/11\/RU-12-BX-BLAC_1-300x277.jpg 300w, https:\/\/star-trademarks.com\/wordpress\/wp-content\/uploads\/2021\/11\/RU-12-BX-BLAC_1-768x708.jpg 768w, https:\/\/star-trademarks.com\/wordpress\/wp-content\/uploads\/2021\/11\/RU-12-BX-BLAC_1-1536x1417.jpg 1536w, https:\/\/star-trademarks.com\/wordpress\/wp-content\/uploads\/2021\/11\/RU-12-BX-BLAC_1-13x12.jpg 13w, https:\/\/star-trademarks.com\/wordpress\/wp-content\/uploads\/2021\/11\/RU-12-BX-BLAC_1-1366x1260.jpg 1366w, https:\/\/star-trademarks.com\/wordpress\/wp-content\/uploads\/2021\/11\/RU-12-BX-BLAC_1-1920x1771.jpg 1920w\" sizes=\"(max-width: 940px) 100vw, 940px\" title=\"RU-12-BX-BLAC_1\" \/>\t\t\t\t\t\t\t\t\t\t\t\t\t\t\t<\/div>\n\t\t\t\t<\/div>\n\t\t\t\t<div class=\"elementor-element elementor-element-561eae2 elementor-widget elementor-widget-heading\" data-id=\"561eae2\" data-element_type=\"widget\" data-widget_type=\"heading.default\">\n\t\t\t\t<div class=\"elementor-widget-container\">\n\t\t\t\t\t<h4 class=\"elementor-heading-title elementor-size-default\">EAN: 4260184715053<\/h4>\t\t\t\t<\/div>\n\t\t\t\t<\/div>\n\t\t\t\t<div class=\"elementor-element elementor-element-8a3ecda elementor-widget elementor-widget-heading\" data-id=\"8a3ecda\" data-element_type=\"widget\" data-widget_type=\"heading.default\">\n\t\t\t\t<div class=\"elementor-widget-container\">\n\t\t\t\t\t<h5 class=\"elementor-heading-title elementor-size-default\">Model-ID: RU-12-BX-01-BLAC <\/h5>\t\t\t\t<\/div>\n\t\t\t\t<\/div>\n\t\t\t\t\t<\/div>\n\t\t<\/div>\n\t\t\t\t<div class=\"elementor-column elementor-col-33 elementor-top-column elementor-element elementor-element-b01cb9b\" data-id=\"b01cb9b\" data-element_type=\"column\">\n\t\t\t<div class=\"elementor-widget-wrap elementor-element-populated\">\n\t\t\t\t\t\t<div class=\"elementor-element elementor-element-77f6df9 elementor-widget elementor-widget-image\" data-id=\"77f6df9\" data-element_type=\"widget\" data-widget_type=\"image.default\">\n\t\t\t\t<div class=\"elementor-widget-container\">\n\t\t\t\t\t\t\t\t\t\t\t\t\t\t\t<img decoding=\"async\" width=\"940\" height=\"902\" src=\"https:\/\/star-trademarks.com\/wordpress\/wp-content\/uploads\/2021\/11\/RU-12-BX-PETR_1-1024x983.jpg\" class=\"attachment-large size-large wp-image-2467\" alt=\"\" srcset=\"https:\/\/star-trademarks.com\/wordpress\/wp-content\/uploads\/2021\/11\/RU-12-BX-PETR_1-1024x983.jpg 1024w, https:\/\/star-trademarks.com\/wordpress\/wp-content\/uploads\/2021\/11\/RU-12-BX-PETR_1-300x288.jpg 300w, https:\/\/star-trademarks.com\/wordpress\/wp-content\/uploads\/2021\/11\/RU-12-BX-PETR_1-768x737.jpg 768w, https:\/\/star-trademarks.com\/wordpress\/wp-content\/uploads\/2021\/11\/RU-12-BX-PETR_1-1536x1474.jpg 1536w, https:\/\/star-trademarks.com\/wordpress\/wp-content\/uploads\/2021\/11\/RU-12-BX-PETR_1-13x12.jpg 13w, https:\/\/star-trademarks.com\/wordpress\/wp-content\/uploads\/2021\/11\/RU-12-BX-PETR_1-1366x1311.jpg 1366w, https:\/\/star-trademarks.com\/wordpress\/wp-content\/uploads\/2021\/11\/RU-12-BX-PETR_1-1920x1843.jpg 1920w\" sizes=\"(max-width: 940px) 100vw, 940px\" title=\"RU-12-BX-PETR_1\" \/>\t\t\t\t\t\t\t\t\t\t\t\t\t\t\t<\/div>\n\t\t\t\t<\/div>\n\t\t\t\t<div class=\"elementor-element elementor-element-9eb4b5f elementor-widget elementor-widget-heading\" data-id=\"9eb4b5f\" data-element_type=\"widget\" data-widget_type=\"heading.default\">\n\t\t\t\t<div class=\"elementor-widget-container\">\n\t\t\t\t\t<h4 class=\"elementor-heading-title elementor-size-default\">EAN: 4260184715046<\/h4>\t\t\t\t<\/div>\n\t\t\t\t<\/div>\n\t\t\t\t<div class=\"elementor-element elementor-element-ed6f7d9 elementor-widget elementor-widget-heading\" data-id=\"ed6f7d9\" data-element_type=\"widget\" data-widget_type=\"heading.default\">\n\t\t\t\t<div class=\"elementor-widget-container\">\n\t\t\t\t\t<h5 class=\"elementor-heading-title elementor-size-default\">Model-ID: RU-12-BX-01-PETR<\/h5>\t\t\t\t<\/div>\n\t\t\t\t<\/div>\n\t\t\t\t\t<\/div>\n\t\t<\/div>\n\t\t\t\t\t<\/div>\n\t\t<\/section>\n\t\t\t\t<section class=\"elementor-section elementor-top-section elementor-element elementor-element-3868cd9 elementor-section-boxed elementor-section-height-default elementor-section-height-default\" data-id=\"3868cd9\" data-element_type=\"section\" data-settings=\"{&quot;background_background&quot;:&quot;classic&quot;}\">\n\t\t\t\t\t\t<div class=\"elementor-container elementor-column-gap-default\">\n\t\t\t\t\t<div class=\"elementor-column elementor-col-100 elementor-top-column elementor-element elementor-element-6d92381\" data-id=\"6d92381\" data-element_type=\"column\">\n\t\t\t<div class=\"elementor-widget-wrap elementor-element-populated\">\n\t\t\t\t\t\t<div class=\"elementor-element-custom_font_family elementor-element-custom_font_weight elementor-element-custom_color elementor-element elementor-element-ad70fff elementor-widget elementor-widget-text-editor\" data-id=\"ad70fff\" data-element_type=\"widget\" data-widget_type=\"text-editor.default\">\n\t\t\t\t<div class=\"elementor-widget-container\">\n\t\t\t\t\t\t\t\t\t<p>Diese Service-Aktion findet statt, da bei den oben genannten Kinderlaufr\u00e4dern Schadstoffe in den Reifen festgestellt wurden. Die enthaltenen Stoffe entsprechen zwar den gesetzlichen Anforderungen f\u00fcr Fahrr\u00e4der, jedoch werden die Anforderungen an Kinderspielzeug nicht erf\u00fcllt. Das Problem betrifft keinerlei andere BIKESTAR Produkte! Da die Sicherheit und das Wohl unserer Kunden unsere h\u00f6chste Priorit\u00e4t hat, sehen wir uns zu einem sofortigen Ersatz der Reifen veranlasst.<\/p><p>Wenn Sie ein betroffenes Produkt in Ihrem Bestand haben, verwenden Sie es bitte nicht mehr und geben Sie dieses bitte nicht weiter. Bitte geben Sie diese Information auch an alle Personen innerhalb des bestehenden Nutzerkreises weiter.<\/p><p>Wenden Sie sich bitte an unseren Kundenservice, der Ihnen kostenlos schnellstm\u00f6glich einen Fahrradmantel f\u00fcr Vorder- und Hinterrad zukommen l\u00e4sst. Bitte halten Sie folgende Informationen bereit: Name des Verk\u00e4ufers, Rechnungsdatum, Rechnungsnummer und Production Date des Artikels (befindet sich auf der Innenseite der hinteren Gabelung\u2013 siehe Abbildung).\u201c<\/p>\t\t\t\t\t\t\t\t<\/div>\n\t\t\t\t<\/div>\n\t\t\t\t\t<\/div>\n\t\t<\/div>\n\t\t\t\t\t<\/div>\n\t\t<\/section>\n\t\t\t\t<section class=\"elementor-section elementor-top-section elementor-element elementor-element-a0470bb elementor-section-boxed elementor-section-height-default elementor-section-height-default\" data-id=\"a0470bb\" data-element_type=\"section\">\n\t\t\t\t\t\t<div class=\"elementor-container elementor-column-gap-default\">\n\t\t\t\t\t<div class=\"elementor-column elementor-col-100 elementor-top-column elementor-element elementor-element-946ed48\" data-id=\"946ed48\" data-element_type=\"column\">\n\t\t\t<div class=\"elementor-widget-wrap elementor-element-populated\">\n\t\t\t\t\t\t<div class=\"elementor-element elementor-element-95a70b4 elementor-widget elementor-widget-image\" data-id=\"95a70b4\" data-element_type=\"widget\" data-widget_type=\"image.default\">\n\t\t\t\t<div class=\"elementor-widget-container\">\n\t\t\t\t\t\t\t\t\t\t\t\t\t\t\t<img loading=\"lazy\" decoding=\"async\" width=\"940\" height=\"312\" src=\"https:\/\/star-trademarks.com\/wordpress\/wp-content\/uploads\/2021\/12\/sticker-1024x340.png\" class=\"attachment-large size-large wp-image-2493\" alt=\"\" srcset=\"https:\/\/star-trademarks.com\/wordpress\/wp-content\/uploads\/2021\/12\/sticker-1024x340.png 1024w, https:\/\/star-trademarks.com\/wordpress\/wp-content\/uploads\/2021\/12\/sticker-300x100.png 300w, https:\/\/star-trademarks.com\/wordpress\/wp-content\/uploads\/2021\/12\/sticker-768x255.png 768w, https:\/\/star-trademarks.com\/wordpress\/wp-content\/uploads\/2021\/12\/sticker-1536x510.png 1536w, https:\/\/star-trademarks.com\/wordpress\/wp-content\/uploads\/2021\/12\/sticker-16x5.png 16w, https:\/\/star-trademarks.com\/wordpress\/wp-content\/uploads\/2021\/12\/sticker-1366x454.png 1366w, https:\/\/star-trademarks.com\/wordpress\/wp-content\/uploads\/2021\/12\/sticker-1920x638.png 1920w\" sizes=\"(max-width: 940px) 100vw, 940px\" title=\"sticker\" \/>\t\t\t\t\t\t\t\t\t\t\t\t\t\t\t<\/div>\n\t\t\t\t<\/div>\n\t\t\t\t<div class=\"elementor-element elementor-element-cd130e2 elementor-widget elementor-widget-image\" data-id=\"cd130e2\" data-element_type=\"widget\" data-widget_type=\"image.default\">\n\t\t\t\t<div class=\"elementor-widget-container\">\n\t\t\t\t\t\t\t\t\t\t\t\t\t\t\t<img loading=\"lazy\" decoding=\"async\" width=\"768\" height=\"560\" src=\"https:\/\/star-trademarks.com\/wordpress\/wp-content\/uploads\/2021\/12\/sticker2-768x560.png\" class=\"attachment-medium_large size-medium_large wp-image-2494\" alt=\"\" srcset=\"https:\/\/star-trademarks.com\/wordpress\/wp-content\/uploads\/2021\/12\/sticker2-768x560.png 768w, https:\/\/star-trademarks.com\/wordpress\/wp-content\/uploads\/2021\/12\/sticker2-300x219.png 300w, https:\/\/star-trademarks.com\/wordpress\/wp-content\/uploads\/2021\/12\/sticker2-1024x747.png 1024w, https:\/\/star-trademarks.com\/wordpress\/wp-content\/uploads\/2021\/12\/sticker2-16x12.png 16w, https:\/\/star-trademarks.com\/wordpress\/wp-content\/uploads\/2021\/12\/sticker2-1366x997.png 1366w, https:\/\/star-trademarks.com\/wordpress\/wp-content\/uploads\/2021\/12\/sticker2.png 1387w\" sizes=\"(max-width: 768px) 100vw, 768px\" title=\"sticker2\" \/>\t\t\t\t\t\t\t\t\t\t\t\t\t\t\t<\/div>\n\t\t\t\t<\/div>\n\t\t\t\t\t<\/div>\n\t\t<\/div>\n\t\t\t\t\t<\/div>\n\t\t<\/section>\n\t\t\t\t<section class=\"elementor-section elementor-top-section elementor-element elementor-element-ba99d40 elementor-section-boxed elementor-section-height-default elementor-section-height-default\" data-id=\"ba99d40\" data-element_type=\"section\" data-settings=\"{&quot;background_background&quot;:&quot;classic&quot;}\">\n\t\t\t\t\t\t<div class=\"elementor-container elementor-column-gap-default\">\n\t\t\t\t\t<div class=\"elementor-column elementor-col-100 elementor-top-column elementor-element elementor-element-ec6b246\" data-id=\"ec6b246\" data-element_type=\"column\">\n\t\t\t<div class=\"elementor-widget-wrap elementor-element-populated\">\n\t\t\t\t\t\t<div class=\"elementor-element-custom_font_family elementor-element-custom_font_weight elementor-element-custom_color elementor-element elementor-element-5c15f15 elementor-widget elementor-widget-text-editor\" data-id=\"5c15f15\" data-element_type=\"widget\" data-widget_type=\"text-editor.default\">\n\t\t\t\t<div class=\"elementor-widget-container\">\n\t\t\t\t\t\t\t\t\t<p>Bitte kontaktieren Sie unseren Kundenservice:<\/p>\n<p>service@star-trademarks.com<\/p>\n<p>Hotline +49-2401-8042260<\/p>\n<p>Wir nehmen die Angelegenheit \u00e4u\u00dferst ernst und k\u00fcmmern uns sofort um ihr Anliegen. Die Sicherheit und Zufriedenheit unserer gro\u00dfen und kleinen Kunden stehen f\u00fcr uns stets im Vordergrund unseres Handelns. Wir unterziehen unsere Produkte einer st\u00e4ndigen Qualit\u00e4tskontrolle, mit der wir sicherstellen m\u00f6chten, dass sie stets h\u00f6chsten Anspr\u00fcchen an Zuverl\u00e4ssigkeit und Sicherheit gen\u00fcgen. Dieser Vorfall zeigt aber auf, dass wir niemals nachlassen d\u00fcrfen und motiviert uns zus\u00e4tzlich, in Zukunft diesen Themen noch mehr Aufmerksamkeit und Energie zu widmen<\/p>\n<p>F\u00fcr etwaige Unannehmlichkeiten, die Ihnen pers\u00f6nlich durch diese Aktion entstehen, m\u00f6chten wir Sie aus tiefstem Herzen um Entschuldigung bitten und hoffen auf Ihr Verst\u00e4ndnis.<\/p>\n<p>Mit herzlichen Gr\u00fc\u00dfen<\/p>\n<p>Ihr Star-Trademarks Service-Team<\/p>\t\t\t\t\t\t\t\t<\/div>\n\t\t\t\t<\/div>\n\t\t\t\t\t<\/div>\n\t\t<\/div>\n\t\t\t\t\t<\/div>\n\t\t<\/section>\n\t\t\t\t<\/div>","protected":false},"excerpt":{"rendered":"<p>DRINGENDE PRODUKTSICHERHEITSINFORMATION FREIWILLIGER ERSATZ der Reifen der BIKESTAR 12 Zoll BMX Kinderlaufr\u00e4der Mit diesen sicherheitsrelevanten Produktinformationen m\u00f6chten wir Sie \u00fcber einen freiwilligen Ersatz der Reifen der 12 Zoll BMX Kinderlaufr\u00e4der informieren. Dieser betrifft folgende Artikel: EAN: 4260184715039 Model-ID: RU-12-BX-01-BERR EAN: 4260184715053 Model-ID: RU-12-BX-01-BLAC EAN: 4260184715046 Model-ID: RU-12-BX-01-PETR Diese Service-Aktion findet statt, da bei den oben [&hellip;]<\/p>","protected":false},"author":1,"featured_media":0,"parent":0,"menu_order":0,"comment_status":"closed","ping_status":"closed","template":"","meta":{"footnotes":""},"class_list":["post-2460","page","type-page","status-publish","hentry"],"_links":{"self":[{"href":"https:\/\/star-trademarks.com\/en\/wp-json\/wp\/v2\/pages\/2460","targetHints":{"allow":["GET"]}}],"collection":[{"href":"https:\/\/star-trademarks.com\/en\/wp-json\/wp\/v2\/pages"}],"about":[{"href":"https:\/\/star-trademarks.com\/en\/wp-json\/wp\/v2\/types\/page"}],"author":[{"embeddable":true,"href":"https:\/\/star-trademarks.com\/en\/wp-json\/wp\/v2\/users\/1"}],"replies":[{"embeddable":true,"href":"https:\/\/star-trademarks.com\/en\/wp-json\/wp\/v2\/comments?post=2460"}],"version-history":[{"count":44,"href":"https:\/\/star-trademarks.com\/en\/wp-json\/wp\/v2\/pages\/2460\/revisions"}],"predecessor-version":[{"id":2515,"href":"https:\/\/star-trademarks.com\/en\/wp-json\/wp\/v2\/pages\/2460\/revisions\/2515"}],"wp:attachment":[{"href":"https:\/\/star-trademarks.com\/en\/wp-json\/wp\/v2\/media?parent=2460"}],"curies":[{"name":"wp","href":"https:\/\/api.w.org\/{rel}","templated":true}]}}